{"id":2143,"date":"2021-07-16T10:07:32","date_gmt":"2021-07-16T10:07:32","guid":{"rendered":"http:\/\/scarabeocamping.it\/kontakt\/"},"modified":"2024-01-17T13:23:19","modified_gmt":"2024-01-17T13:23:19","slug":"kontakt","status":"publish","type":"page","link":"https:\/\/scarabeocamping.it\/de\/kontakt\/","title":{"rendered":"Kontakt"},"content":{"rendered":"<section class=\"l-section wpb_row height_small with_img\"><div class=\"l-section-img\" role=\"img\" data-img-width=\"1600\" data-img-height=\"650\" style=\"background-image: url(https:\/\/scarabeocamping.it\/wp-content\/uploads\/2020\/10\/scarabeo-camping-village-punta-braccetto-ragusa-sicilia-02.jpg);background-repeat: no-repeat;\"><\/div><div class=\"l-section-h i-cf\"><div class=\"g-cols vc_row via_flex valign_top type_default stacking_default\"><div class=\"vc_col-sm-12 wpb_column vc_column_container\"><div class=\"vc_column-inner\"><div class=\"wpb_wrapper\"><div class=\"ult-spacer spacer-69d2b969e1553\" data-id=\"69d2b969e1553\" data-height=\"350\" data-height-mobile=\"350\" data-height-tab=\"350\" data-height-tab-portrait=\"\" data-height-mobile-landscape=\"\" style=\"clear:both;display:block;\"><\/div><\/div><\/div><\/div><\/div><\/div><\/section><section class=\"l-section wpb_row height_small\"><div class=\"l-section-h i-cf\"><div class=\"g-cols vc_row via_flex valign_top type_default stacking_default\"><div class=\"vc_col-sm-12 wpb_column vc_column_container\"><div class=\"vc_column-inner\"><div class=\"wpb_wrapper\"><div class=\"w-separator size_medium\"><\/div><div id=\"ultv-163\" class=\"ult-dual-color ult-adjust-bottom-margin ult-dual-color-responsive-none ultv-163  \"><div class=\"ult-module-content ult-dual-color-heading\" style=\"text-align:center;\">\r\n\t\t\t\t\t\t<h2><span class=\"ult-before-heading\">\r\n\t\t\t\t\t\t\t\t\t<span class=\"ult-dual-heading-text ult-first-text ult-responsive\"  data-ultimate-target='.ult-dual-color.ultv-163 .ult-dual-heading-text'  data-responsive-json-new='{\"font-size\":\"desktop:40px;\",\"line-height\":\"\"}'  style=\"     border:none; font-weight:normal;\">Kontaktieren Sie<\/span>\r\n\t\t\t\t\t\t\t\t<\/span><span class=\"ult-adv-heading\" style=\"\">\r\n\t\t\t\t\t\t\t\t\t<span class=\"ult-dual-adv-heading-text ult-highlight-text ult-responsive\"  data-ultimate-target='.ult-dual-color.ultv-163 .ult-highlight-text'  data-responsive-json-new='{\"font-size\":\"desktop:70px;\",\"line-height\":\"\"}'  style=\"color:#003f36;     border:none; font-family:&#039;Pinyon Script&#039;;font-weight:normal;\">Scarabeo Camping<\/span>\r\n\t\t\t\t\t\t\t\t<\/span><\/h2> <\/div><\/div><div class=\"w-separator us_custom_8b3d6790 has_text_color size_small with_line width_50 thick_2 style_solid color_text align_center with_content\"><div class=\"w-separator-h\"><i class=\"fas fa-seedling\"><\/i><\/div><\/div><div class=\"wpb_text_column us_custom_0f088a09 has_text_color\"><div class=\"wpb_wrapper\"><p style=\"text-align: center;\">Kontaktieren Sie uns, um weitere Informationen zu erhalten oder Ihre Unterkunft f\u00fcr einen Urlaub zwischen Natur und Entspannung zu buchen!<\/p>\n<\/div><\/div><\/div><\/div><\/div><\/div><\/div><\/section><section class=\"l-section wpb_row height_small\" id=\"kontakt\"><div class=\"l-section-h i-cf\"><div class=\"g-cols vc_row via_flex valign_top type_default reversed stacking_default\"><div class=\"vc_col-sm-6 wpb_column vc_column_container\"><div class=\"vc_column-inner\"><div class=\"wpb_wrapper\"><div class=\"wpb_text_column\"><div class=\"wpb_wrapper\"><div id=\"quform-75e95a\" class=\"quform quform-3 quform-support-page-caching\"><form id=\"quform-form-75e95a\" class=\"quform-form quform-form-3\" action=\"\/de\/wp-json\/wp\/v2\/pages\/2143#quform-75e95a\" method=\"post\" enctype=\"multipart\/form-data\" novalidate=\"novalidate\" data-options=\"{&quot;id&quot;:3,&quot;uniqueId&quot;:&quot;75e95a&quot;,&quot;theme&quot;:&quot;&quot;,&quot;ajax&quot;:true,&quot;logic&quot;:{&quot;logic&quot;:[],&quot;dependents&quot;:[],&quot;elementIds&quot;:[],&quot;dependentElementIds&quot;:[],&quot;animate&quot;:true},&quot;currentPageId&quot;:1,&quot;errorsIcon&quot;:&quot;&quot;,&quot;updateFancybox&quot;:true,&quot;hasPages&quot;:false,&quot;pages&quot;:[1],&quot;pageProgressType&quot;:&quot;numbers&quot;,&quot;tooltipsEnabled&quot;:true,&quot;tooltipClasses&quot;:&quot;qtip-quform-dark qtip-shadow&quot;,&quot;tooltipMy&quot;:&quot;left center&quot;,&quot;tooltipAt&quot;:&quot;right center&quot;,&quot;isRtl&quot;:false,&quot;scrollOffset&quot;:-50,&quot;scrollSpeed&quot;:800}\"><button class=\"quform-default-submit\" name=\"quform_submit\" type=\"submit\" value=\"submit\" aria-hidden=\"true\" tabindex=\"-1\"><\/button><div class=\"quform-form-inner quform-form-inner-3\"><input type=\"hidden\" name=\"quform_form_id\" value=\"3\" \/><input type=\"hidden\" name=\"quform_form_uid\" value=\"75e95a\" \/><input type=\"hidden\" name=\"quform_count\" value=\"1\" \/><input type=\"hidden\" name=\"form_url\" value=\"https:\/\/scarabeocamping.it\/de\/wp-json\/wp\/v2\/pages\/2143\" \/><input type=\"hidden\" name=\"referring_url\" value=\"\" \/><input type=\"hidden\" name=\"post_id\" value=\"\" \/><input type=\"hidden\" name=\"post_title\" value=\"\" \/><input type=\"hidden\" name=\"quform_current_page_id\" value=\"1\" \/><input type=\"hidden\" name=\"quform_csrf_token\" value=\"2VXOEq8iZlfTsiRVFFogTspYGiiCZNjbiA8uhJiN\" \/><div class=\"quform-elements quform-elements-3 quform-cf quform-responsive-elements-phone-landscape\"><div class=\"quform-element quform-element-page quform-page-1 quform-page-3_1 quform-cf quform-group-style-plain quform-first-page quform-last-page quform-current-page\"><div class=\"quform-child-elements\"><div class=\"quform-element quform-element-row quform-element-row-3_83 quform-2-columns quform-element-row-size-fixed quform-responsive-columns-phone-landscape\"><div class=\"quform-element quform-element-column quform-element-3_84\"><div class=\"quform-element quform-element-text quform-element-3_62 quform-cf quform-labels-inside quform-element-required\"><div class=\"quform-spacer\"><div class=\"quform-label quform-label-3_62\"><label class=\"quform-label-text\" for=\"quform_3_62_75e95a\">Vorname<span class=\"quform-required\">*<\/span><\/label><\/div><div class=\"quform-inner quform-inner-text quform-inner-3_62\"><div class=\"quform-input quform-input-text quform-input-3_62 quform-cf\"><input type=\"text\" id=\"quform_3_62_75e95a\" name=\"quform_3_62\" class=\"quform-field quform-field-text quform-field-3_62\" \/><\/div><\/div><\/div><\/div><div class=\"quform-element quform-element-text quform-element-3_63 quform-cf quform-labels-inside quform-element-required\"><div class=\"quform-spacer\"><div class=\"quform-label quform-label-3_63\"><label class=\"quform-label-text\" for=\"quform_3_63_75e95a\">Nachname<span class=\"quform-required\">*<\/span><\/label><\/div><div class=\"quform-inner quform-inner-text quform-inner-3_63\"><div class=\"quform-input quform-input-text quform-input-3_63 quform-cf\"><input type=\"text\" id=\"quform_3_63_75e95a\" name=\"quform_3_63\" class=\"quform-field quform-field-text quform-field-3_63\" \/><\/div><\/div><\/div><\/div><\/div><div class=\"quform-element quform-element-column quform-element-3_85\"><div class=\"quform-element quform-element-email quform-element-3_32 quform-cf quform-labels-inside quform-element-required\"><div class=\"quform-spacer\"><div class=\"quform-label quform-label-3_32\"><label class=\"quform-label-text\" for=\"quform_3_32_75e95a\">Anschrift E-Mail<span class=\"quform-required\">*<\/span><\/label><\/div><div class=\"quform-inner quform-inner-email quform-inner-3_32\"><div class=\"quform-input quform-input-email quform-input-3_32 quform-cf\"><input type=\"email\" id=\"quform_3_32_75e95a\" name=\"quform_3_32\" class=\"quform-field quform-field-email quform-field-3_32\" \/><\/div><\/div><\/div><\/div><div class=\"quform-element quform-element-text quform-element-3_34 quform-cf quform-labels-inside quform-element-optional\"><div class=\"quform-spacer\"><div class=\"quform-label quform-label-3_34\"><label class=\"quform-label-text\" for=\"quform_3_34_75e95a\">Telefon<\/label><\/div><div class=\"quform-inner quform-inner-text quform-inner-3_34\"><div class=\"quform-input quform-input-text quform-input-3_34 quform-cf\"><input type=\"text\" id=\"quform_3_34_75e95a\" name=\"quform_3_34\" class=\"quform-field quform-field-text quform-field-3_34\" \/><\/div><\/div><\/div><\/div><\/div><\/div><div class=\"quform-element quform-element-textarea quform-element-3_10 quform-cf quform-labels-inside quform-element-required\"><div class=\"quform-spacer\"><div class=\"quform-label quform-label-3_10\"><label class=\"quform-label-text\" for=\"quform_3_10_75e95a\">Nachricht<span class=\"quform-required\">*<\/span><\/label><\/div><div class=\"quform-inner quform-inner-textarea quform-inner-3_10 quform-field-size-slim\"><div class=\"quform-input quform-input-textarea quform-input-3_10 quform-cf\"><textarea id=\"quform_3_10_75e95a\" name=\"quform_3_10\" class=\"quform-field quform-field-textarea quform-field-3_10\"><\/textarea><\/div><\/div><\/div><\/div><div class=\"quform-element quform-element-checkbox quform-element-3_38 quform-cf quform-element-required\"><div class=\"quform-spacer\"><div class=\"quform-label quform-label-3_38\"><label class=\"quform-label-text\" id=\"quform_3_38_75e95a_label\">Privacy<span class=\"quform-required\">*<\/span><\/label><\/div><div class=\"quform-inner quform-inner-checkbox quform-inner-3_38\"><div class=\"quform-input quform-input-checkbox quform-input-3_38 quform-cf\"><div class=\"quform-options quform-cf quform-options-block quform-options-style-button quform-button-icon-left\" role=\"group\" aria-labelledby=\"quform_3_38_75e95a_label\"><div class=\"quform-option\"><input type=\"checkbox\" name=\"quform_3_38[]\" id=\"quform_3_38_75e95a_1\" class=\"quform-field quform-field-checkbox quform-field-3_38 quform-field-3_38_1\" value=\"Ich akzeptiere\" \/><label for=\"quform_3_38_75e95a_1\" class=\"quform-option-label quform-option-label-3_38_1\"><span class=\"quform-option-text\">Ich akzeptiere<\/span><\/label><\/div><\/div><\/div><p class=\"quform-description quform-description-below\"><p style=\"font-size:10px;line-height:1.4em;text-align:justify\">Mit dem Absenden der Anfrage erkl\u00e4re ich, dass ich die <a href=\"#privacy\" id=\"_privacy\" class=\"open-privacy\">Datenschutzerkl\u00e4rung<\/a> gelesen habe und mit der Verarbeitung meiner Daten f\u00fcr die Erbringung der angeforderten Dienstleistung oder die Beantwortung der Informationsanfrage einverstanden bin; mit der Verarbeitung meiner Daten, wie sie sich aus der Datenschutzerkl\u00e4rung ergibt, zum Zwecke der Zusendung von Werbematerial und zur Kommunikation mit Dritten.<\/p><\/p><\/div><\/div><\/div><div class=\"quform-element quform-element-recaptcha quform-element-3_36 quform-cf quform-element-required quform-recaptcha-no-size\"><div class=\"quform-spacer\"><div class=\"quform-inner quform-inner-recaptcha quform-inner-3_36\"><div class=\"quform-input quform-input-recaptcha quform-input-3_36 quform-cf\"><div class=\"quform-recaptcha\" data-config=\"{&quot;sitekey&quot;:&quot;6LfiEkErAAAAAHrAa_U1cQfOr-73GscbCtgX7yFv&quot;,&quot;_version&quot;:&quot;v3&quot;,&quot;size&quot;:&quot;invisible&quot;,&quot;type&quot;:&quot;image&quot;,&quot;theme&quot;:&quot;light&quot;,&quot;badge&quot;:&quot;bottomright&quot;}\"><\/div><noscript>Please enable JavaScript to submit this form.<\/noscript><\/div><\/div><\/div><\/div><div class=\"quform-element quform-element-submit quform-element-3_2 quform-cf quform-button-style-sexy-silver\"><div class=\"quform-button-submit quform-button-submit-default quform-button-submit-3_2\"><button name=\"quform_submit\" type=\"submit\" class=\"quform-submit\" value=\"submit\"><span class=\"quform-button-text quform-button-submit-text\">KONTAKT<\/span><\/button><\/div><div class=\"quform-loading quform-loading-position-left quform-loading-type-spinner-1\"><div class=\"quform-loading-inner\"><div class=\"quform-loading-spinner\"><div class=\"quform-loading-spinner-inner\"><\/div><\/div><\/div><\/div><\/div><div class=\"quform-element-tree\"><label for=\"quform_3_0_75e95a\">Dieses Feld sollte nicht ausgef\u00fcllt werden<\/label><input type=\"text\" id=\"quform_3_0_75e95a\" name=\"quform_3_0\" class=\"quform-field quform-field-tree quform-field-3_0\" tabindex=\"-1\" autocomplete=\"off\" \/><\/div><\/div><\/div><\/div><\/div><\/form><\/div>\n<\/div><\/div><\/div><\/div><\/div><div class=\"vc_col-sm-6 wpb_column vc_column_container has_bg_color\"><div class=\"vc_column-inner us_custom_188ac387\"><div class=\"wpb_wrapper\"><div class=\"w-image has_ratio align_none\"><div url class=\"w-image-h\"><div style=\"padding-bottom:56.25%\"><\/div><img width=\"800\" height=\"531\" src=\"https:\/\/scarabeocamping.it\/wp-content\/uploads\/2020\/10\/scarabeo-camping-village-punta-braccetto-ragusa-sicilia-camping-01.jpg\" class=\"attachment-large size-large\" alt=\"\" decoding=\"async\" loading=\"lazy\" srcset=\"https:\/\/scarabeocamping.it\/wp-content\/uploads\/2020\/10\/scarabeo-camping-village-punta-braccetto-ragusa-sicilia-camping-01.jpg 800w, https:\/\/scarabeocamping.it\/wp-content\/uploads\/2020\/10\/scarabeo-camping-village-punta-braccetto-ragusa-sicilia-camping-01-300x199.jpg 300w\" sizes=\"(max-width: 800px) 100vw, 800px\" \/><\/div><\/div><div class=\"ult-spacer spacer-69d2b969e4166\" data-id=\"69d2b969e4166\" data-height=\"20\" data-height-mobile=\"20\" data-height-tab=\"20\" data-height-tab-portrait=\"\" data-height-mobile-landscape=\"\" style=\"clear:both;display:block;\"><\/div><div class=\"wpb_text_column\"><div class=\"wpb_wrapper\"><h3>Unsere Kontakte<\/h3>\n<\/div><\/div><div class=\"ult-spacer spacer-69d2b969e4419\" data-id=\"69d2b969e4419\" data-height=\"10\" data-height-mobile=\"10\" data-height-tab=\"10\" data-height-tab-portrait=\"\" data-height-mobile-landscape=\"\" style=\"clear:both;display:block;\"><\/div><div class=\"w-iconbox us_custom_1aa58881 iconpos_left style_default color_custom align_left no_text\"><div class=\"w-iconbox-icon\" style=\"font-size:20px;--icon-color:#95bbcf;\"><i class=\"fas fa-map-marker-alt\"><\/i><\/div><div class=\"w-iconbox-meta\"><p class=\"w-iconbox-title\">Via Canalotti, Contrada, 97017 Punta Braccetto, Ragusa<\/p><\/div><\/div><div class=\"ult-spacer spacer-69d2b969e4667\" data-id=\"69d2b969e4667\" data-height=\"15\" data-height-mobile=\"15\" data-height-tab=\"15\" data-height-tab-portrait=\"\" data-height-mobile-landscape=\"\" style=\"clear:both;display:block;\"><\/div><div class=\"w-iconbox us_custom_8b3d6790 has_text_color iconpos_left style_default color_custom align_left no_title\"><div class=\"w-iconbox-icon\" style=\"font-size:20px;--icon-color:#95bbcf;\"><i class=\"fas fa-envelope\"><\/i><\/div><div class=\"w-iconbox-meta\"><div class=\"w-iconbox-text\"><p><a href=\"mailto:info@scarabeocamping.it\">info@scarabeocamping.it<\/a><\/p>\n<\/div><\/div><\/div><div class=\"ult-spacer spacer-69d2b969e473c\" data-id=\"69d2b969e473c\" data-height=\"15\" data-height-mobile=\"15\" data-height-tab=\"15\" data-height-tab-portrait=\"\" data-height-mobile-landscape=\"\" style=\"clear:both;display:block;\"><\/div><div class=\"w-iconbox iconpos_left style_default color_custom align_left no_title\"><div class=\"w-iconbox-icon\" style=\"font-size:20px;--icon-color:#95bbcf;\"><i class=\"fab fa-whatsapp\"><\/i><\/div><div class=\"w-iconbox-meta\"><div class=\"w-iconbox-text\"><p><a href=\"tel:+393389793062\">+39 338 9793062<\/a><\/p>\n<\/div><\/div><\/div><div class=\"ult-spacer spacer-69d2b969e484c\" data-id=\"69d2b969e484c\" data-height=\"15\" data-height-mobile=\"15\" data-height-tab=\"15\" data-height-tab-portrait=\"\" data-height-mobile-landscape=\"\" style=\"clear:both;display:block;\"><\/div><div class=\"w-iconbox us_custom_8b3d6790 has_text_color iconpos_left style_default color_custom align_left no_title\"><div class=\"w-iconbox-icon\" style=\"font-size:20px;--icon-color:#95bbcf;\"><i class=\"fas fa-phone\"><\/i><\/div><div class=\"w-iconbox-meta\"><div class=\"w-iconbox-text\"><p><a href=\"tel:+393495257009\">+39 349 5257009<\/a><\/p>\n<\/div><\/div><\/div><div class=\"ult-spacer spacer-69d2b969e4907\" data-id=\"69d2b969e4907\" data-height=\"15\" data-height-mobile=\"15\" data-height-tab=\"15\" data-height-tab-portrait=\"\" data-height-mobile-landscape=\"\" style=\"clear:both;display:block;\"><\/div><div class=\"w-iconbox iconpos_left style_default color_custom align_left no_title\"><div class=\"w-iconbox-icon\" style=\"font-size:20px;--icon-color:#95bbcf;\"><i class=\"fas fa-phone\"><\/i><\/div><div class=\"w-iconbox-meta\"><div class=\"w-iconbox-text\"><p><a href=\"tel:+390932918096\">+39 0932 918096<\/a><\/p>\n<\/div><\/div><\/div><div class=\"ult-spacer spacer-69d2b969e4a0d\" data-id=\"69d2b969e4a0d\" data-height=\"15\" data-height-mobile=\"15\" data-height-tab=\"15\" data-height-tab-portrait=\"\" data-height-mobile-landscape=\"\" style=\"clear:both;display:block;\"><\/div><div class=\"w-iconbox us_custom_8b3d6790 has_text_color iconpos_left style_default color_custom align_left no_title\"><div class=\"w-iconbox-icon\" style=\"font-size:20px;--icon-color:#95bbcf;\"><i class=\"fas fa-phone\"><\/i><\/div><div class=\"w-iconbox-meta\"><div class=\"w-iconbox-text\"><p><a href=\"tel:+390932918391\">+39 0932 918391<\/a><\/p>\n<\/div><\/div><\/div><div class=\"ult-spacer spacer-69d2b969e4af8\" data-id=\"69d2b969e4af8\" data-height=\"50\" data-height-mobile=\"50\" data-height-tab=\"50\" data-height-tab-portrait=\"\" data-height-mobile-landscape=\"\" style=\"clear:both;display:block;\"><\/div><\/div><\/div><\/div><\/div><\/div><\/section><section class=\"l-section wpb_row height_small\"><div class=\"l-section-h i-cf\"><div class=\"g-cols vc_row via_flex valign_top type_default stacking_default\"><div class=\"vc_col-sm-12 wpb_column vc_column_container\"><div class=\"vc_column-inner\"><div class=\"wpb_wrapper\"><div class=\"ult-spacer spacer-69d2b969e4f23\" data-id=\"69d2b969e4f23\" data-height=\"10\" data-height-mobile=\"5\" data-height-tab=\"10\" data-height-tab-portrait=\"10\" data-height-mobile-landscape=\"5\" style=\"clear:both;display:block;\"><\/div><\/div><\/div><\/div><\/div><\/div><\/section>\n","protected":false},"excerpt":{"rendered":"Kontaktieren Sie Scarabeo Camping Kontaktieren Sie uns, um weitere Informationen zu erhalten oder Ihre Unterkunft f\u00fcr einen Urlaub zwischen Natur und Entspannung zu buchen! Vorname*Nachname*Anschrift E-Mail*TelefonNachricht*Privacy*Ich akzeptiereMit dem Absenden der Anfrage erkl\u00e4re ich, dass ich die Datenschutzerkl\u00e4rung gelesen habe und mit der Verarbeitung meiner Daten f\u00fcr die Erbringung der angeforderten Dienstleistung oder die Beantwortung der...","protected":false},"author":1,"featured_media":0,"parent":0,"menu_order":0,"comment_status":"closed","ping_status":"closed","template":"","meta":[],"yoast_head":"<!-- This site is optimized with the Yoast SEO plugin v20.11 - https:\/\/yoast.com\/wordpress\/plugins\/seo\/ -->\n<title>Kontakt - Scarabeo Camping in Sizilien<\/title>\n<meta name=\"description\" content=\"Kontakt f\u00fcr Informationen Scarabeo Camping in Punta Braccetto, ein Campingdorf direkt am Meer in Sizilien\" \/>\n<meta name=\"robots\" content=\"index, follow, max-snippet:-1, max-image-preview:large, max-video-preview:-1\" \/>\n<link rel=\"canonical\" href=\"https:\/\/scarabeocamping.it\/de\/kontakt\/\" \/>\n<meta property=\"og:locale\" content=\"de_DE\" \/>\n<meta property=\"og:type\" content=\"article\" \/>\n<meta property=\"og:title\" content=\"Kontakt - Scarabeo Camping in Sizilien\" \/>\n<meta property=\"og:description\" content=\"Kontakt f\u00fcr Informationen Scarabeo Camping in Punta Braccetto, ein Campingdorf direkt am Meer in Sizilien\" \/>\n<meta property=\"og:url\" content=\"https:\/\/scarabeocamping.it\/de\/kontakt\/\" \/>\n<meta property=\"og:site_name\" content=\"Scarabeo Camping\" \/>\n<meta property=\"article:publisher\" content=\"https:\/\/www.facebook.com\/CampingScarabeo\" \/>\n<meta property=\"article:modified_time\" content=\"2024-01-17T13:23:19+00:00\" \/>\n<meta name=\"twitter:card\" content=\"summary_large_image\" \/>\n<meta name=\"twitter:site\" content=\"@Scarabeocampin1\" \/>\n<meta name=\"twitter:label1\" content=\"Gesch\u00e4tzte Lesezeit\" \/>\n\t<meta name=\"twitter:data1\" content=\"1\u00a0Minute\" \/>\n<script type=\"application\/ld+json\" class=\"yoast-schema-graph\">{\"@context\":\"https:\/\/schema.org\",\"@graph\":[{\"@type\":\"WebPage\",\"@id\":\"https:\/\/scarabeocamping.it\/de\/kontakt\/\",\"url\":\"https:\/\/scarabeocamping.it\/de\/kontakt\/\",\"name\":\"Kontakt - Scarabeo Camping in Sizilien\",\"isPartOf\":{\"@id\":\"https:\/\/scarabeocamping.it\/de\/#website\"},\"datePublished\":\"2021-07-16T10:07:32+00:00\",\"dateModified\":\"2024-01-17T13:23:19+00:00\",\"description\":\"Kontakt f\u00fcr Informationen Scarabeo Camping in Punta Braccetto, ein Campingdorf direkt am Meer in Sizilien\",\"breadcrumb\":{\"@id\":\"https:\/\/scarabeocamping.it\/de\/kontakt\/#breadcrumb\"},\"inLanguage\":\"de\",\"potentialAction\":[{\"@type\":\"ReadAction\",\"target\":[\"https:\/\/scarabeocamping.it\/de\/kontakt\/\"]}]},{\"@type\":\"BreadcrumbList\",\"@id\":\"https:\/\/scarabeocamping.it\/de\/kontakt\/#breadcrumb\",\"itemListElement\":[{\"@type\":\"ListItem\",\"position\":1,\"name\":\"Home\",\"item\":\"https:\/\/scarabeocamping.it\/de\/\"},{\"@type\":\"ListItem\",\"position\":2,\"name\":\"Kontakt\"}]},{\"@type\":\"WebSite\",\"@id\":\"https:\/\/scarabeocamping.it\/de\/#website\",\"url\":\"https:\/\/scarabeocamping.it\/de\/\",\"name\":\"Scarabeo Camping\",\"description\":\"\",\"publisher\":{\"@id\":\"https:\/\/scarabeocamping.it\/de\/#organization\"},\"potentialAction\":[{\"@type\":\"SearchAction\",\"target\":{\"@type\":\"EntryPoint\",\"urlTemplate\":\"https:\/\/scarabeocamping.it\/de\/?s={search_term_string}\"},\"query-input\":\"required name=search_term_string\"}],\"inLanguage\":\"de\"},{\"@type\":\"Organization\",\"@id\":\"https:\/\/scarabeocamping.it\/de\/#organization\",\"name\":\"Scarabeo Camping\",\"url\":\"https:\/\/scarabeocamping.it\/de\/\",\"logo\":{\"@type\":\"ImageObject\",\"inLanguage\":\"de\",\"@id\":\"https:\/\/scarabeocamping.it\/de\/#\/schema\/logo\/image\/\",\"url\":\"https:\/\/scarabeocamping.it\/wp-content\/uploads\/2022\/09\/01-CAMPING-SCARABEO_LOGO.png\",\"contentUrl\":\"https:\/\/scarabeocamping.it\/wp-content\/uploads\/2022\/09\/01-CAMPING-SCARABEO_LOGO.png\",\"width\":400,\"height\":135,\"caption\":\"Scarabeo Camping\"},\"image\":{\"@id\":\"https:\/\/scarabeocamping.it\/de\/#\/schema\/logo\/image\/\"},\"sameAs\":[\"https:\/\/www.facebook.com\/CampingScarabeo\",\"https:\/\/twitter.com\/Scarabeocampin1\",\"https:\/\/www.instagram.com\/campingscarabeo\/\"]}]}<\/script>\n<!-- \/ Yoast SEO plugin. -->","yoast_head_json":{"title":"Kontakt - Scarabeo Camping in Sizilien","description":"Kontakt f\u00fcr Informationen Scarabeo Camping in Punta Braccetto, ein Campingdorf direkt am Meer in Sizilien","robots":{"index":"index","follow":"follow","max-snippet":"max-snippet:-1","max-image-preview":"max-image-preview:large","max-video-preview":"max-video-preview:-1"},"canonical":"https:\/\/scarabeocamping.it\/de\/kontakt\/","og_locale":"de_DE","og_type":"article","og_title":"Kontakt - Scarabeo Camping in Sizilien","og_description":"Kontakt f\u00fcr Informationen Scarabeo Camping in Punta Braccetto, ein Campingdorf direkt am Meer in Sizilien","og_url":"https:\/\/scarabeocamping.it\/de\/kontakt\/","og_site_name":"Scarabeo Camping","article_publisher":"https:\/\/www.facebook.com\/CampingScarabeo","article_modified_time":"2024-01-17T13:23:19+00:00","twitter_card":"summary_large_image","twitter_site":"@Scarabeocampin1","twitter_misc":{"Gesch\u00e4tzte Lesezeit":"1\u00a0Minute"},"schema":{"@context":"https:\/\/schema.org","@graph":[{"@type":"WebPage","@id":"https:\/\/scarabeocamping.it\/de\/kontakt\/","url":"https:\/\/scarabeocamping.it\/de\/kontakt\/","name":"Kontakt - Scarabeo Camping in Sizilien","isPartOf":{"@id":"https:\/\/scarabeocamping.it\/de\/#website"},"datePublished":"2021-07-16T10:07:32+00:00","dateModified":"2024-01-17T13:23:19+00:00","description":"Kontakt f\u00fcr Informationen Scarabeo Camping in Punta Braccetto, ein Campingdorf direkt am Meer in Sizilien","breadcrumb":{"@id":"https:\/\/scarabeocamping.it\/de\/kontakt\/#breadcrumb"},"inLanguage":"de","potentialAction":[{"@type":"ReadAction","target":["https:\/\/scarabeocamping.it\/de\/kontakt\/"]}]},{"@type":"BreadcrumbList","@id":"https:\/\/scarabeocamping.it\/de\/kontakt\/#breadcrumb","itemListElement":[{"@type":"ListItem","position":1,"name":"Home","item":"https:\/\/scarabeocamping.it\/de\/"},{"@type":"ListItem","position":2,"name":"Kontakt"}]},{"@type":"WebSite","@id":"https:\/\/scarabeocamping.it\/de\/#website","url":"https:\/\/scarabeocamping.it\/de\/","name":"Scarabeo Camping","description":"","publisher":{"@id":"https:\/\/scarabeocamping.it\/de\/#organization"},"potentialAction":[{"@type":"SearchAction","target":{"@type":"EntryPoint","urlTemplate":"https:\/\/scarabeocamping.it\/de\/?s={search_term_string}"},"query-input":"required name=search_term_string"}],"inLanguage":"de"},{"@type":"Organization","@id":"https:\/\/scarabeocamping.it\/de\/#organization","name":"Scarabeo Camping","url":"https:\/\/scarabeocamping.it\/de\/","logo":{"@type":"ImageObject","inLanguage":"de","@id":"https:\/\/scarabeocamping.it\/de\/#\/schema\/logo\/image\/","url":"https:\/\/scarabeocamping.it\/wp-content\/uploads\/2022\/09\/01-CAMPING-SCARABEO_LOGO.png","contentUrl":"https:\/\/scarabeocamping.it\/wp-content\/uploads\/2022\/09\/01-CAMPING-SCARABEO_LOGO.png","width":400,"height":135,"caption":"Scarabeo Camping"},"image":{"@id":"https:\/\/scarabeocamping.it\/de\/#\/schema\/logo\/image\/"},"sameAs":["https:\/\/www.facebook.com\/CampingScarabeo","https:\/\/twitter.com\/Scarabeocampin1","https:\/\/www.instagram.com\/campingscarabeo\/"]}]}},"_links":{"self":[{"href":"https:\/\/scarabeocamping.it\/de\/wp-json\/wp\/v2\/pages\/2143"}],"collection":[{"href":"https:\/\/scarabeocamping.it\/de\/wp-json\/wp\/v2\/pages"}],"about":[{"href":"https:\/\/scarabeocamping.it\/de\/wp-json\/wp\/v2\/types\/page"}],"author":[{"embeddable":true,"href":"https:\/\/scarabeocamping.it\/de\/wp-json\/wp\/v2\/users\/1"}],"replies":[{"embeddable":true,"href":"https:\/\/scarabeocamping.it\/de\/wp-json\/wp\/v2\/comments?post=2143"}],"version-history":[{"count":3,"href":"https:\/\/scarabeocamping.it\/de\/wp-json\/wp\/v2\/pages\/2143\/revisions"}],"predecessor-version":[{"id":2301,"href":"https:\/\/scarabeocamping.it\/de\/wp-json\/wp\/v2\/pages\/2143\/revisions\/2301"}],"wp:attachment":[{"href":"https:\/\/scarabeocamping.it\/de\/wp-json\/wp\/v2\/media?parent=2143"}],"curies":[{"name":"wp","href":"https:\/\/api.w.org\/{rel}","templated":true}]}}