{"id":2122,"date":"2021-07-16T13:11:38","date_gmt":"2021-07-16T13:11:38","guid":{"rendered":"http:\/\/scarabeocamping.it\/unsere-geschichte\/"},"modified":"2024-01-17T12:03:17","modified_gmt":"2024-01-17T12:03:17","slug":"unsere-geschichte","status":"publish","type":"page","link":"https:\/\/scarabeocamping.it\/de\/unsere-geschichte\/","title":{"rendered":"Unsere Geschichte"},"content":{"rendered":"<section class=\"l-section wpb_row height_small with_img\"><div class=\"l-section-img\" role=\"img\" data-img-width=\"1600\" data-img-height=\"1062\" style=\"background-image: url(https:\/\/scarabeocamping.it\/wp-content\/uploads\/2022\/09\/Copertina-La-storia.jpeg);background-repeat: no-repeat;\"><\/div><div class=\"l-section-h i-cf\"><div class=\"g-cols vc_row via_flex valign_top type_default stacking_default\"><div class=\"vc_col-sm-12 wpb_column vc_column_container\"><div class=\"vc_column-inner\"><div class=\"wpb_wrapper\"><div class=\"ult-spacer spacer-69e6159eab430\" data-id=\"69e6159eab430\" data-height=\"350\" data-height-mobile=\"350\" data-height-tab=\"350\" data-height-tab-portrait=\"\" data-height-mobile-landscape=\"\" style=\"clear:both;display:block;\"><\/div><\/div><\/div><\/div><\/div><\/div><\/section><section class=\"l-section wpb_row height_small\"><div class=\"l-section-h i-cf\"><div class=\"g-cols vc_row via_flex valign_top type_default stacking_default\"><div class=\"vc_col-sm-12 wpb_column vc_column_container\"><div class=\"vc_column-inner\"><div class=\"wpb_wrapper\"><div class=\"w-separator size_medium\"><\/div><div id=\"ultv-4484\" class=\"ult-dual-color ult-adjust-bottom-margin ult-dual-color-responsive-none ultv-4484  \"><div class=\"ult-module-content ult-dual-color-heading\" style=\"text-align:center;\">\r\n\t\t\t\t\t\t<h2><span class=\"ult-before-heading\">\r\n\t\t\t\t\t\t\t\t\t<span class=\"ult-dual-heading-text ult-first-text ult-responsive\"  data-ultimate-target='.ult-dual-color.ultv-4484 .ult-dual-heading-text'  data-responsive-json-new='{\"font-size\":\"desktop:40px;\",\"line-height\":\"\"}'  style=\"     border:none; font-weight:normal;\">Die Geschichte von<\/span>\r\n\t\t\t\t\t\t\t\t<\/span><span class=\"ult-adv-heading\" style=\"\">\r\n\t\t\t\t\t\t\t\t\t<span class=\"ult-dual-adv-heading-text ult-highlight-text ult-responsive\"  data-ultimate-target='.ult-dual-color.ultv-4484 .ult-highlight-text'  data-responsive-json-new='{\"font-size\":\"desktop:70px;\",\"line-height\":\"\"}'  style=\"color:#003f36;     border:none; font-family:&#039;Pinyon Script&#039;;font-weight:normal;\">Scarabeo Camping<\/span>\r\n\t\t\t\t\t\t\t\t<\/span><\/h2> <\/div><\/div><div class=\"w-separator us_custom_8b3d6790 has_text_color size_small with_line width_50 thick_2 style_solid color_text align_center with_content\"><div class=\"w-separator-h\"><i class=\"fas fa-seedling\"><\/i><\/div><\/div><\/div><\/div><\/div><\/div><\/div><\/section><section class=\"l-section wpb_row us_custom_733cf2a7 height_auto\"><div class=\"l-section-h i-cf\"><div class=\"g-cols vc_row via_flex valign_top type_default stacking_default\"><div class=\"vc_col-sm-8 wpb_column vc_column_container\"><div class=\"vc_column-inner\"><div class=\"wpb_wrapper\"><div class=\"ult-spacer spacer-69e6159eb18a0\" data-id=\"69e6159eb18a0\" data-height=\"80\" data-height-mobile=\"60\" data-height-tab=\"60\" data-height-tab-portrait=\"60\" data-height-mobile-landscape=\"60\" style=\"clear:both;display:block;\"><\/div><div class=\"wpb_text_column us_custom_64260dbd\"><div class=\"wpb_wrapper\"><p>Der Campingplatz Scarabeo liegt in <strong>Punta Braccetto<\/strong>, unterhalb des Breitengrades von Tunis. Der kleine Touristenort der Provinz Ragusa erfreut sich eines milden Klimas, D\u00fcnen und salziger Luft.<\/p>\n<p>Der Campingplatz erstreckt sich \u00fcber zwei Grundst\u00fccke, die zusammen eine Gesamtfl\u00e4che von 12.000 qm haben: Beide haben direkten Zugang zum <strong>Sandstrand von Vigliena<\/strong>, der den tiefblauen sizilianischen Kanal mit einer Felsenkette an seinen Enden umschlie\u00dft.<\/p>\n<p>Was Sie heute als <strong>Campingplatz Scarabeo<\/strong> kennen, entstand aus dem Geistesblitz eines Mannes, <strong>Giuseppe Nobile<\/strong>, Dozent f\u00fcr Literatur und Direktor der Mittelschule, der Ende der 60er Jahr nach seiner Pensionierung beschloss, sich eine Besch\u00e4ftigung zu suchen, die es ihm erm\u00f6glichte, zusammen mit seiner Frau Nella und seinem Sohn Daniele den Blick auf das Meer zu genie\u00dfen.<\/p>\n<\/div><\/div><div class=\"ult-spacer spacer-69e6159eb1c15\" data-id=\"69e6159eb1c15\" data-height=\"50\" data-height-mobile=\"50\" data-height-tab=\"50\" data-height-tab-portrait=\"50\" data-height-mobile-landscape=\"50\" style=\"clear:both;display:block;\"><\/div><\/div><\/div><\/div><div class=\"vc_col-sm-4 wpb_column vc_column_container has_bg_color stretched\"><div class=\"vc_column-inner us_custom_24fb3388\"><div class=\"wpb_wrapper\"><div class=\"ult-spacer spacer-69e6159eb1d52\" data-id=\"69e6159eb1d52\" data-height=\"350\" data-height-mobile=\"350\" data-height-tab=\"350\" data-height-tab-portrait=\"\" data-height-mobile-landscape=\"\" style=\"clear:both;display:block;\"><\/div><\/div><\/div><\/div><\/div><\/div><\/section><section class=\"l-section wpb_row us_custom_0d15be52 height_auto\"><div class=\"l-section-h i-cf\"><div class=\"g-cols vc_row via_flex valign_top type_default reversed stacking_default\"><div class=\"vc_col-sm-4 wpb_column vc_column_container has_bg_color stretched\"><div class=\"vc_column-inner us_custom_274f06f8\"><div class=\"wpb_wrapper\"><div class=\"ult-spacer spacer-69e6159eb203a\" data-id=\"69e6159eb203a\" data-height=\"350\" data-height-mobile=\"350\" data-height-tab=\"350\" data-height-tab-portrait=\"\" data-height-mobile-landscape=\"\" style=\"clear:both;display:block;\"><\/div><\/div><\/div><\/div><div class=\"vc_col-sm-8 wpb_column vc_column_container\"><div class=\"vc_column-inner\"><div class=\"wpb_wrapper\"><div class=\"ult-spacer spacer-69e6159eb2125\" data-id=\"69e6159eb2125\" data-height=\"80\" data-height-mobile=\"60\" data-height-tab=\"60\" data-height-tab-portrait=\"60\" data-height-mobile-landscape=\"60\" style=\"clear:both;display:block;\"><\/div><div class=\"wpb_text_column us_custom_bca61f25\"><div class=\"wpb_wrapper\"><p>So begr\u00fc\u00dfte die <strong>Familie Nobile<\/strong> die ersten sizilianischen und deutschen G\u00e4ste, die auf dem noch kargen Grundst\u00fcck Halt machten, um endlich ihre Flip-Flops anzuziehen und das kristallklare Wasser zu genie\u00dfen. Danach kehrten sie bei Sonnenuntergang zur\u00fcck und versuchten vergeblich, den feinen Sand von den Beinen zu waschen, bevor sie wieder die hei\u00dfen Autos bestiegen und sich von der Familie Nobile verabschiedeten: einen sch\u00f6nen Sonntag, vielen Dank f\u00fcr alles, bis zum n\u00e4chsten Mal.<\/p>\n<p>So lernte das karge St\u00fcck Land Schritte, Gel\u00e4chter, Grillfeste, Geschichten, Dialekte und fremde Sprachen kennen. So vielversprechend es war, fing die Familie an, das <strong>Grundst\u00fcck mit Pflanzen und B\u00e4umen zu schm\u00fccken<\/strong>: Es war den Stammkunden so vertraut geworden, dass sie beschlossen, dort Fu\u00df zu fassen und diesen Ort zu einer Wiege zu machen. Auch w\u00e4hrend der Sommern\u00e4chte h\u00f6rte man auf dem Grundst\u00fcck das Fl\u00fcstern der Kinder und das Schnarchen der \u00c4lteren.<\/p>\n<p>Die <strong>Geschichte des Campingplatzes Scarabeo<\/strong> ist vergleichbar mit der Komposition eines Gedichts, die ersten Verse wurden vom Fachmann Giuseppe geschrieben, die Handlungsgrundlage wurden von der geschickten und gewissenhaften Nella gefestigt und die Bedeutung dem jungen und sensiblen Daniele zugeschrieben.<\/p>\n<\/div><\/div><div class=\"ult-spacer spacer-69e6159eb2315\" data-id=\"69e6159eb2315\" data-height=\"50\" data-height-mobile=\"50\" data-height-tab=\"50\" data-height-tab-portrait=\"50\" data-height-mobile-landscape=\"50\" style=\"clear:both;display:block;\"><\/div><\/div><\/div><\/div><\/div><\/div><\/section><section class=\"l-section wpb_row us_custom_4fb9e5a3 height_auto\"><div class=\"l-section-h i-cf\"><div class=\"g-cols vc_row via_flex valign_top type_default stacking_default\"><div class=\"vc_col-sm-8 wpb_column vc_column_container\"><div class=\"vc_column-inner\"><div class=\"wpb_wrapper\"><div class=\"ult-spacer spacer-69e6159eb25ee\" data-id=\"69e6159eb25ee\" data-height=\"80\" data-height-mobile=\"60\" data-height-tab=\"60\" data-height-tab-portrait=\"60\" data-height-mobile-landscape=\"60\" style=\"clear:both;display:block;\"><\/div><div class=\"wpb_text_column us_custom_64260dbd\"><div class=\"wpb_wrapper\"><p>Dies ist eine Geschichte von Liebe und Beharrlichkeit, von fehlenden Mosaiksteinchen und Leid, von Generationen und Ver\u00e4nderungen. Nach dem Tod des Sohnes und des Ehemanns beschloss Nella die beiden Enkelkinder <strong>Angela und Salvatore<\/strong> zu ihren Alleinerben zu machen.<\/p>\n<p>Die beiden, Kinder der Zwillinge <strong>Giuseppe und Giovanni<\/strong> Di Modica, fassten, gemeinsam mit Concetta, Ehefrau von Salvatore, den Namen Scarabeo mit dem alten Campingplatz zusammen, den die Zwillinge mittlerweile 50 Meter links am Hang f\u00fchrten.<\/p>\n<p>Die drei revolutionierten die beiden Bereiche: Sie lie\u00dfen sich von den Farben der Umgebung, nat\u00fcrlichen und nachhaltigen Materialien inspirieren. So begann Scarabeo ab Anfang der 2000er Jahre seine <strong>Verwandlung zum gr\u00fcnen Paradies<\/strong>, das Sie heute besuchen k\u00f6nnen.<\/p>\n<\/div><\/div><div class=\"ult-spacer spacer-69e6159eb27fc\" data-id=\"69e6159eb27fc\" data-height=\"50\" data-height-mobile=\"50\" data-height-tab=\"50\" data-height-tab-portrait=\"50\" data-height-mobile-landscape=\"50\" style=\"clear:both;display:block;\"><\/div><\/div><\/div><\/div><div class=\"vc_col-sm-4 wpb_column vc_column_container has_bg_color stretched\"><div class=\"vc_column-inner us_custom_4487b3fa\"><div class=\"wpb_wrapper\"><div class=\"ult-spacer spacer-69e6159eb2908\" data-id=\"69e6159eb2908\" data-height=\"350\" data-height-mobile=\"350\" data-height-tab=\"350\" data-height-tab-portrait=\"\" data-height-mobile-landscape=\"\" style=\"clear:both;display:block;\"><\/div><\/div><\/div><\/div><\/div><\/div><\/section>\n","protected":false},"excerpt":{"rendered":"Die Geschichte von Scarabeo Camping Der Campingplatz Scarabeo liegt in Punta Braccetto, unterhalb des Breitengrades von Tunis. Der kleine Touristenort der Provinz Ragusa erfreut sich eines milden Klimas, D\u00fcnen und salziger Luft. Der Campingplatz erstreckt sich \u00fcber zwei Grundst\u00fccke, die zusammen eine Gesamtfl\u00e4che von 12.000 qm haben: Beide haben direkten Zugang zum Sandstrand von Vigliena,...","protected":false},"author":1,"featured_media":0,"parent":0,"menu_order":0,"comment_status":"closed","ping_status":"closed","template":"","meta":[],"yoast_head":"<!-- This site is optimized with the Yoast SEO plugin v20.11 - https:\/\/yoast.com\/wordpress\/plugins\/seo\/ -->\n<title>Unsere Geschichte - Scarabeo Camping<\/title>\n<meta name=\"robots\" content=\"index, follow, max-snippet:-1, max-image-preview:large, max-video-preview:-1\" \/>\n<link rel=\"canonical\" href=\"https:\/\/scarabeocamping.it\/de\/unsere-geschichte\/\" \/>\n<meta property=\"og:locale\" content=\"de_DE\" \/>\n<meta property=\"og:type\" content=\"article\" \/>\n<meta property=\"og:title\" content=\"Unsere Geschichte - Scarabeo Camping\" \/>\n<meta property=\"og:url\" content=\"https:\/\/scarabeocamping.it\/de\/unsere-geschichte\/\" \/>\n<meta property=\"og:site_name\" content=\"Scarabeo Camping\" \/>\n<meta property=\"article:publisher\" content=\"https:\/\/www.facebook.com\/CampingScarabeo\" \/>\n<meta property=\"article:modified_time\" content=\"2024-01-17T12:03:17+00:00\" \/>\n<meta name=\"twitter:card\" content=\"summary_large_image\" \/>\n<meta name=\"twitter:site\" content=\"@Scarabeocampin1\" \/>\n<meta name=\"twitter:label1\" content=\"Gesch\u00e4tzte Lesezeit\" \/>\n\t<meta name=\"twitter:data1\" content=\"3\u00a0Minuten\" \/>\n<script type=\"application\/ld+json\" class=\"yoast-schema-graph\">{\"@context\":\"https:\/\/schema.org\",\"@graph\":[{\"@type\":\"WebPage\",\"@id\":\"https:\/\/scarabeocamping.it\/de\/unsere-geschichte\/\",\"url\":\"https:\/\/scarabeocamping.it\/de\/unsere-geschichte\/\",\"name\":\"Unsere Geschichte - Scarabeo Camping\",\"isPartOf\":{\"@id\":\"https:\/\/scarabeocamping.it\/de\/#website\"},\"datePublished\":\"2021-07-16T13:11:38+00:00\",\"dateModified\":\"2024-01-17T12:03:17+00:00\",\"breadcrumb\":{\"@id\":\"https:\/\/scarabeocamping.it\/de\/unsere-geschichte\/#breadcrumb\"},\"inLanguage\":\"de\",\"potentialAction\":[{\"@type\":\"ReadAction\",\"target\":[\"https:\/\/scarabeocamping.it\/de\/unsere-geschichte\/\"]}]},{\"@type\":\"BreadcrumbList\",\"@id\":\"https:\/\/scarabeocamping.it\/de\/unsere-geschichte\/#breadcrumb\",\"itemListElement\":[{\"@type\":\"ListItem\",\"position\":1,\"name\":\"Home\",\"item\":\"https:\/\/scarabeocamping.it\/de\/\"},{\"@type\":\"ListItem\",\"position\":2,\"name\":\"Unsere Geschichte\"}]},{\"@type\":\"WebSite\",\"@id\":\"https:\/\/scarabeocamping.it\/de\/#website\",\"url\":\"https:\/\/scarabeocamping.it\/de\/\",\"name\":\"Scarabeo Camping\",\"description\":\"\",\"publisher\":{\"@id\":\"https:\/\/scarabeocamping.it\/de\/#organization\"},\"potentialAction\":[{\"@type\":\"SearchAction\",\"target\":{\"@type\":\"EntryPoint\",\"urlTemplate\":\"https:\/\/scarabeocamping.it\/de\/?s={search_term_string}\"},\"query-input\":\"required name=search_term_string\"}],\"inLanguage\":\"de\"},{\"@type\":\"Organization\",\"@id\":\"https:\/\/scarabeocamping.it\/de\/#organization\",\"name\":\"Scarabeo Camping\",\"url\":\"https:\/\/scarabeocamping.it\/de\/\",\"logo\":{\"@type\":\"ImageObject\",\"inLanguage\":\"de\",\"@id\":\"https:\/\/scarabeocamping.it\/de\/#\/schema\/logo\/image\/\",\"url\":\"https:\/\/scarabeocamping.it\/wp-content\/uploads\/2022\/09\/01-CAMPING-SCARABEO_LOGO.png\",\"contentUrl\":\"https:\/\/scarabeocamping.it\/wp-content\/uploads\/2022\/09\/01-CAMPING-SCARABEO_LOGO.png\",\"width\":400,\"height\":135,\"caption\":\"Scarabeo Camping\"},\"image\":{\"@id\":\"https:\/\/scarabeocamping.it\/de\/#\/schema\/logo\/image\/\"},\"sameAs\":[\"https:\/\/www.facebook.com\/CampingScarabeo\",\"https:\/\/twitter.com\/Scarabeocampin1\",\"https:\/\/www.instagram.com\/campingscarabeo\/\"]}]}<\/script>\n<!-- \/ Yoast SEO plugin. -->","yoast_head_json":{"title":"Unsere Geschichte - Scarabeo Camping","robots":{"index":"index","follow":"follow","max-snippet":"max-snippet:-1","max-image-preview":"max-image-preview:large","max-video-preview":"max-video-preview:-1"},"canonical":"https:\/\/scarabeocamping.it\/de\/unsere-geschichte\/","og_locale":"de_DE","og_type":"article","og_title":"Unsere Geschichte - Scarabeo Camping","og_url":"https:\/\/scarabeocamping.it\/de\/unsere-geschichte\/","og_site_name":"Scarabeo Camping","article_publisher":"https:\/\/www.facebook.com\/CampingScarabeo","article_modified_time":"2024-01-17T12:03:17+00:00","twitter_card":"summary_large_image","twitter_site":"@Scarabeocampin1","twitter_misc":{"Gesch\u00e4tzte Lesezeit":"3\u00a0Minuten"},"schema":{"@context":"https:\/\/schema.org","@graph":[{"@type":"WebPage","@id":"https:\/\/scarabeocamping.it\/de\/unsere-geschichte\/","url":"https:\/\/scarabeocamping.it\/de\/unsere-geschichte\/","name":"Unsere Geschichte - Scarabeo Camping","isPartOf":{"@id":"https:\/\/scarabeocamping.it\/de\/#website"},"datePublished":"2021-07-16T13:11:38+00:00","dateModified":"2024-01-17T12:03:17+00:00","breadcrumb":{"@id":"https:\/\/scarabeocamping.it\/de\/unsere-geschichte\/#breadcrumb"},"inLanguage":"de","potentialAction":[{"@type":"ReadAction","target":["https:\/\/scarabeocamping.it\/de\/unsere-geschichte\/"]}]},{"@type":"BreadcrumbList","@id":"https:\/\/scarabeocamping.it\/de\/unsere-geschichte\/#breadcrumb","itemListElement":[{"@type":"ListItem","position":1,"name":"Home","item":"https:\/\/scarabeocamping.it\/de\/"},{"@type":"ListItem","position":2,"name":"Unsere Geschichte"}]},{"@type":"WebSite","@id":"https:\/\/scarabeocamping.it\/de\/#website","url":"https:\/\/scarabeocamping.it\/de\/","name":"Scarabeo Camping","description":"","publisher":{"@id":"https:\/\/scarabeocamping.it\/de\/#organization"},"potentialAction":[{"@type":"SearchAction","target":{"@type":"EntryPoint","urlTemplate":"https:\/\/scarabeocamping.it\/de\/?s={search_term_string}"},"query-input":"required name=search_term_string"}],"inLanguage":"de"},{"@type":"Organization","@id":"https:\/\/scarabeocamping.it\/de\/#organization","name":"Scarabeo Camping","url":"https:\/\/scarabeocamping.it\/de\/","logo":{"@type":"ImageObject","inLanguage":"de","@id":"https:\/\/scarabeocamping.it\/de\/#\/schema\/logo\/image\/","url":"https:\/\/scarabeocamping.it\/wp-content\/uploads\/2022\/09\/01-CAMPING-SCARABEO_LOGO.png","contentUrl":"https:\/\/scarabeocamping.it\/wp-content\/uploads\/2022\/09\/01-CAMPING-SCARABEO_LOGO.png","width":400,"height":135,"caption":"Scarabeo Camping"},"image":{"@id":"https:\/\/scarabeocamping.it\/de\/#\/schema\/logo\/image\/"},"sameAs":["https:\/\/www.facebook.com\/CampingScarabeo","https:\/\/twitter.com\/Scarabeocampin1","https:\/\/www.instagram.com\/campingscarabeo\/"]}]}},"_links":{"self":[{"href":"https:\/\/scarabeocamping.it\/de\/wp-json\/wp\/v2\/pages\/2122"}],"collection":[{"href":"https:\/\/scarabeocamping.it\/de\/wp-json\/wp\/v2\/pages"}],"about":[{"href":"https:\/\/scarabeocamping.it\/de\/wp-json\/wp\/v2\/types\/page"}],"author":[{"embeddable":true,"href":"https:\/\/scarabeocamping.it\/de\/wp-json\/wp\/v2\/users\/1"}],"replies":[{"embeddable":true,"href":"https:\/\/scarabeocamping.it\/de\/wp-json\/wp\/v2\/comments?post=2122"}],"version-history":[{"count":4,"href":"https:\/\/scarabeocamping.it\/de\/wp-json\/wp\/v2\/pages\/2122\/revisions"}],"predecessor-version":[{"id":2298,"href":"https:\/\/scarabeocamping.it\/de\/wp-json\/wp\/v2\/pages\/2122\/revisions\/2298"}],"wp:attachment":[{"href":"https:\/\/scarabeocamping.it\/de\/wp-json\/wp\/v2\/media?parent=2122"}],"curies":[{"name":"wp","href":"https:\/\/api.w.org\/{rel}","templated":true}]}}