{"id":2101,"date":"2021-07-16T11:59:00","date_gmt":"2021-07-16T11:59:00","guid":{"rendered":"http:\/\/scarabeocamping.it\/wo-wir-sind\/"},"modified":"2024-01-30T15:51:56","modified_gmt":"2024-01-30T15:51:56","slug":"wo-wir-sind","status":"publish","type":"page","link":"https:\/\/scarabeocamping.it\/de\/wo-wir-sind\/","title":{"rendered":"Wo wir sind"},"content":{"rendered":"<section class=\"l-section wpb_row height_auto width_full\"><div class=\"l-section-h i-cf\"><div class=\"g-cols vc_row via_flex valign_middle type_default stacking_default\"><div class=\"vc_col-sm-12 wpb_column vc_column_container\"><div class=\"vc_column-inner\"><div class=\"wpb_wrapper\"><div class=\"w-map provider_osm us_custom_b48b2d62\" id=\"us_map_1\"><div class=\"w-map-inner\"><div class=\"w-map-json\" onclick='return {&quot;address&quot;:&quot;36.8170654,14.466360&quot;,&quot;disableDragging&quot;:1,&quot;disableZoom&quot;:1,&quot;hideControls&quot;:0,&quot;zoom&quot;:16,&quot;markers&quot;:[{&quot;address&quot;:&quot;36.8170654,14.466360&quot;,&quot;html&quot;:&quot;&lt;h6&gt;Hey, wir sind da!&lt;\\\/h6&gt;\\n&lt;p&gt;&lt;b&gt;Scarabeo Camping&lt;\\\/b&gt;&lt;\\\/p&gt;\\n&lt;p&gt;Via Canalotti, Contrada, 97017 Punta Braccetto, Ragusa&lt;\\\/p&gt;&quot;,&quot;infowindow&quot;:0},{&quot;address&quot;:&quot;36.81643736510847, 14.467134909249124&quot;,&quot;html&quot;:&quot;&lt;h6&gt;Hey, wir sind da!&lt;\\\/h6&gt;\\n&lt;p&gt;&lt;b&gt;Scarabeo Camping&lt;\\\/b&gt;&lt;\\\/p&gt;\\n&lt;p&gt;Via Canalotti, Contrada, 97017 Punta Braccetto, Ragusa&lt;\\\/p&gt;&quot;,&quot;marker_img&quot;:[&quot;https:\\\/\\\/scarabeocamping.it\\\/wp-content\\\/uploads\\\/2021\\\/07\\\/Scarabeo-camping-campeggio-sicilia-pin-1.png&quot;,126,126,false],&quot;marker_size&quot;:[&quot;70&quot;,&quot;70&quot;]}],&quot;icon&quot;:{&quot;url&quot;:&quot;https:\\\/\\\/scarabeocamping.it\\\/wp-content\\\/uploads\\\/2021\\\/07\\\/Scarabeo-camping-campeggio-sicilia-pin-1.png&quot;,&quot;size&quot;:[70,70]},&quot;style&quot;:&quot;https:\\\/\\\/{s}.tile.openstreetmap.org\\\/{z}\\\/{x}\\\/{y}.png&quot;}'><\/div><\/div><\/div><\/div><\/div><\/div><\/div><\/div><\/section><section class=\"l-section wpb_row height_small\"><div class=\"l-section-h i-cf\"><div class=\"g-cols vc_row via_flex valign_top type_default stacking_default\"><div class=\"vc_col-sm-12 wpb_column vc_column_container\"><div class=\"vc_column-inner\"><div class=\"wpb_wrapper\"><div class=\"w-separator size_medium\"><\/div><div id=\"ultv-6309\" class=\"ult-dual-color ult-adjust-bottom-margin ult-dual-color-responsive-none ultv-6309  \"><div class=\"ult-module-content ult-dual-color-heading\" style=\"text-align:center;\">\r\n\t\t\t\t\t\t<h6><span class=\"ult-before-heading\">\r\n\t\t\t\t\t\t\t\t\t<span class=\"ult-dual-heading-text ult-first-text ult-responsive\"  data-ultimate-target='.ult-dual-color.ultv-6309 .ult-dual-heading-text'  data-responsive-json-new='{\"font-size\":\"desktop:40px;\",\"line-height\":\"\"}'  style=\"     border:none; font-weight:normal;\">Erreichen Sie<\/span>\r\n\t\t\t\t\t\t\t\t<\/span><span class=\"ult-adv-heading\" style=\"\">\r\n\t\t\t\t\t\t\t\t\t<span class=\"ult-dual-adv-heading-text ult-highlight-text ult-responsive\"  data-ultimate-target='.ult-dual-color.ultv-6309 .ult-highlight-text'  data-responsive-json-new='{\"font-size\":\"desktop:70px;\",\"line-height\":\"\"}'  style=\"color:#003f36;     border:none; font-family:&#039;Pinyon Script&#039;;font-weight:normal;\">Scarabeo Camping<\/span>\r\n\t\t\t\t\t\t\t\t<\/span><\/h6> <\/div><\/div><div class=\"w-separator us_custom_8b3d6790 has_text_color size_small with_line width_50 thick_2 style_solid color_text align_center with_content\"><div class=\"w-separator-h\"><i class=\"fas fa-seedling\"><\/i><\/div><\/div><div id=\"ultv-2948\" class=\"ult-dual-color ult-adjust-bottom-margin ult-dual-color-responsive-none ultv-2948  \"><div class=\"ult-module-content ult-dual-color-heading\" style=\"text-align:center;\">\r\n\t\t\t\t\t\t<h6><span class=\"ult-before-heading\">\r\n\t\t\t\t\t\t\t\t\t<span class=\"ult-dual-heading-text ult-first-text ult-responsive\"  data-ultimate-target='.ult-dual-color.ultv-2948 .ult-dual-heading-text'  data-responsive-json-new='{\"font-size\":\"desktop:20px;\",\"line-height\":\"\"}'  style=\"     border:none; font-weight:normal;\">Feriendorf in<\/span>\r\n\t\t\t\t\t\t\t\t<\/span><span class=\"ult-adv-heading\" style=\"\">\r\n\t\t\t\t\t\t\t\t\t<span class=\"ult-dual-adv-heading-text ult-highlight-text ult-responsive\"  data-ultimate-target='.ult-dual-color.ultv-2948 .ult-highlight-text'  data-responsive-json-new='{\"font-size\":\"desktop:35px;\",\"line-height\":\"\"}'  style=\"color:#96bbcf;     border:none; font-family:&#039;Pinyon Script&#039;;font-weight:normal;\">Sizilien<\/span>\r\n\t\t\t\t\t\t\t\t<\/span><\/h6> <\/div><\/div><div class=\"ult-spacer spacer-69d7a161129fe\" data-id=\"69d7a161129fe\" data-height=\"20\" data-height-mobile=\"20\" data-height-tab=\"20\" data-height-tab-portrait=\"\" data-height-mobile-landscape=\"\" style=\"clear:both;display:block;\"><\/div><div class=\"wpb_text_column\"><div class=\"wpb_wrapper\"><p style=\"text-align: center;\">Via Canalotti, Contrada, 97017 Punta Braccetto, Ragusa<br \/>\nGPS: N 36\u00b0 49\u2032 01,7\u201d E 14\u00b0 28\u2032 02,5\u201d<\/p>\n<\/div><\/div><\/div><\/div><\/div><\/div><\/div><\/section><section class=\"l-section wpb_row us_custom_fe9ce664 height_small\"><div class=\"l-section-h i-cf\"><div class=\"g-cols vc_row via_flex valign_top type_default stacking_default\"><div class=\"vc_col-sm-12 wpb_column vc_column_container\"><div class=\"vc_column-inner\"><div class=\"wpb_wrapper\"><div class=\"ult-spacer spacer-69d7a1611305a\" data-id=\"69d7a1611305a\" data-height=\"30\" data-height-mobile=\"10\" data-height-tab=\"10\" data-height-tab-portrait=\"10\" data-height-mobile-landscape=\"10\" style=\"clear:both;display:block;\"><\/div><div class=\"wpb_text_column us_custom_0f088a09 has_text_color\"><div class=\"wpb_wrapper\"><h4>Wie Sie uns erreichen<\/h4>\n<\/div><\/div><div class=\"ult-spacer spacer-69d7a16113241\" data-id=\"69d7a16113241\" data-height=\"10\" data-height-mobile=\"5\" data-height-tab=\"5\" data-height-tab-portrait=\"5\" data-height-mobile-landscape=\"5\" style=\"clear:both;display:block;\"><\/div><div class=\"w-iconbox us_custom_0207f80c iconpos_left style_default color_custom align_left no_text\"><div class=\"w-iconbox-icon\" style=\"font-size:30px;--icon-color:#95bbcf;\"><i class=\"fas fa-car\"><\/i><\/div><div class=\"w-iconbox-meta\"><h6 class=\"w-iconbox-title\">Von Palermo<\/h6><\/div><\/div><div class=\"ult-spacer spacer-69d7a161133f9\" data-id=\"69d7a161133f9\" data-height=\"10\" data-height-mobile=\"5\" data-height-tab=\"5\" data-height-tab-portrait=\"5\" data-height-mobile-landscape=\"5\" style=\"clear:both;display:block;\"><\/div><div class=\"wpb_text_column\"><div class=\"wpb_wrapper\"><p>Autobahn A10 Palermo-Catania; Ausfahrt Caltanissetta und danach die SS 190 in Richtung Gela. Von Gela aus gibt es zwei M\u00f6glichkeiten: entweder Richtung Scoglitti abbiegen und die K\u00fcstenstra\u00dfe entlang fahren, den Ort Scoglietti durchfahren und den Schildern nach Kamarina und Punta Braccetto folgen; oder weiter auf der SS 115 bis Vittoria fahren, die Umgehungsstra\u00dfe in Richtung S. Croce Camerina nehmen und dort den Schildern nach Punta Braccetto folgen.<\/p>\n<\/div><\/div><div class=\"ult-spacer spacer-69d7a161135a4\" data-id=\"69d7a161135a4\" data-height=\"10\" data-height-mobile=\"5\" data-height-tab=\"5\" data-height-tab-portrait=\"5\" data-height-mobile-landscape=\"5\" style=\"clear:both;display:block;\"><\/div><div class=\"w-iconbox us_custom_0207f80c iconpos_left style_default color_custom align_left no_text\"><div class=\"w-iconbox-icon\" style=\"font-size:30px;--icon-color:#95bbcf;\"><i class=\"fas fa-car\"><\/i><\/div><div class=\"w-iconbox-meta\"><h6 class=\"w-iconbox-title\">Von Messina<\/h6><\/div><\/div><div class=\"ult-spacer spacer-69d7a16113676\" data-id=\"69d7a16113676\" data-height=\"10\" data-height-mobile=\"5\" data-height-tab=\"5\" data-height-tab-portrait=\"5\" data-height-mobile-landscape=\"5\" style=\"clear:both;display:block;\"><\/div><div class=\"wpb_text_column\"><div class=\"wpb_wrapper\"><p>Autobahn A18 bis Catania, weiter auf der Umgehungsstra\u00dfe in Richtung Siracusa; nehmen Sie danach die SS 514 Catania-Ragusa bis zur Ausfahrt Comiso. Von Comiso nach S. Croce Camerina, wo Sie den Schildern nach Punta Braccetto folgen k\u00f6nnen.<\/p>\n<\/div><\/div><div class=\"ult-spacer spacer-69d7a16113827\" data-id=\"69d7a16113827\" data-height=\"10\" data-height-mobile=\"5\" data-height-tab=\"5\" data-height-tab-portrait=\"5\" data-height-mobile-landscape=\"5\" style=\"clear:both;display:block;\"><\/div><div class=\"w-iconbox us_custom_0207f80c iconpos_left style_default color_custom align_left no_text\"><div class=\"w-iconbox-icon\" style=\"font-size:30px;--icon-color:#95bbcf;\"><i class=\"fas fa-car\"><\/i><\/div><div class=\"w-iconbox-meta\"><h6 class=\"w-iconbox-title\">Von Agrigento<\/h6><\/div><\/div><div class=\"ult-spacer spacer-69d7a161138e5\" data-id=\"69d7a161138e5\" data-height=\"10\" data-height-mobile=\"5\" data-height-tab=\"5\" data-height-tab-portrait=\"5\" data-height-mobile-landscape=\"5\" style=\"clear:both;display:block;\"><\/div><div class=\"wpb_text_column\"><div class=\"wpb_wrapper\"><p>SS 115 in Richtung Siracusa bis Gela (achten Sie auf die Schilder nach Palermo).<\/p>\n<\/div><\/div><div class=\"ult-spacer spacer-69d7a16113a83\" data-id=\"69d7a16113a83\" data-height=\"10\" data-height-mobile=\"5\" data-height-tab=\"5\" data-height-tab-portrait=\"5\" data-height-mobile-landscape=\"5\" style=\"clear:both;display:block;\"><\/div><\/div><\/div><\/div><\/div><\/div><\/section><section class=\"l-section wpb_row height_auto with_img parallax_ver\"><div class=\"l-section-img\" role=\"img\" data-img-width=\"1200\" data-img-height=\"600\" style=\"background-image: url(https:\/\/scarabeocamping.it\/wp-content\/uploads\/2021\/07\/camping-jonio-campeggio-sicilia-dove-siamo.jpg);background-repeat: no-repeat;\"><\/div><div class=\"l-section-h i-cf\"><div class=\"g-cols vc_row via_flex valign_top type_default stacking_default\"><div class=\"vc_col-sm-12 wpb_column vc_column_container\"><div class=\"vc_column-inner\"><div class=\"wpb_wrapper\"><div class=\"ult-spacer spacer-69d7a16113f8d\" data-id=\"69d7a16113f8d\" data-height=\"300\" data-height-mobile=\"300\" data-height-tab=\"300\" data-height-tab-portrait=\"\" data-height-mobile-landscape=\"\" style=\"clear:both;display:block;\"><\/div><\/div><\/div><\/div><\/div><\/div><\/section>\n","protected":false},"excerpt":{"rendered":"Erreichen Sie Scarabeo Camping Feriendorf in Sizilien Via Canalotti, Contrada, 97017 Punta Braccetto, Ragusa GPS: N 36\u00b0 49\u2032 01,7\u201d E 14\u00b0 28\u2032 02,5\u201d Wie Sie uns erreichen Von PalermoAutobahn A10 Palermo-Catania; Ausfahrt Caltanissetta und danach die SS 190 in Richtung Gela. Von Gela aus gibt es zwei M\u00f6glichkeiten: entweder Richtung Scoglitti abbiegen und die K\u00fcstenstra\u00dfe...","protected":false},"author":1,"featured_media":0,"parent":0,"menu_order":0,"comment_status":"closed","ping_status":"closed","template":"","meta":[],"yoast_head":"<!-- This site is optimized with the Yoast SEO plugin v20.11 - https:\/\/yoast.com\/wordpress\/plugins\/seo\/ -->\n<title>Wo wir sind - Scarabeo Camping in Sizilien<\/title>\n<meta name=\"description\" content=\"Finden Sie heraus, wie Sie Scarabeo Camping, Camping Village in Sizilien in Punta Braccetto, direkt am Meer erreichen\" \/>\n<meta name=\"robots\" content=\"index, follow, max-snippet:-1, max-image-preview:large, max-video-preview:-1\" \/>\n<link rel=\"canonical\" href=\"https:\/\/scarabeocamping.it\/de\/wo-wir-sind\/\" \/>\n<meta property=\"og:locale\" content=\"de_DE\" \/>\n<meta property=\"og:type\" content=\"article\" \/>\n<meta property=\"og:title\" content=\"Wo wir sind - Scarabeo Camping in Sizilien\" \/>\n<meta property=\"og:description\" content=\"Finden Sie heraus, wie Sie Scarabeo Camping, Camping Village in Sizilien in Punta Braccetto, direkt am Meer erreichen\" \/>\n<meta property=\"og:url\" content=\"https:\/\/scarabeocamping.it\/de\/wo-wir-sind\/\" \/>\n<meta property=\"og:site_name\" content=\"Scarabeo Camping\" \/>\n<meta property=\"article:publisher\" content=\"https:\/\/www.facebook.com\/CampingScarabeo\" \/>\n<meta property=\"article:modified_time\" content=\"2024-01-30T15:51:56+00:00\" \/>\n<meta name=\"twitter:card\" content=\"summary_large_image\" \/>\n<meta name=\"twitter:site\" content=\"@Scarabeocampin1\" \/>\n<meta name=\"twitter:label1\" content=\"Gesch\u00e4tzte Lesezeit\" \/>\n\t<meta name=\"twitter:data1\" content=\"2\u00a0Minuten\" \/>\n<script type=\"application\/ld+json\" class=\"yoast-schema-graph\">{\"@context\":\"https:\/\/schema.org\",\"@graph\":[{\"@type\":\"WebPage\",\"@id\":\"https:\/\/scarabeocamping.it\/de\/wo-wir-sind\/\",\"url\":\"https:\/\/scarabeocamping.it\/de\/wo-wir-sind\/\",\"name\":\"Wo wir sind - Scarabeo Camping in Sizilien\",\"isPartOf\":{\"@id\":\"https:\/\/scarabeocamping.it\/de\/#website\"},\"datePublished\":\"2021-07-16T11:59:00+00:00\",\"dateModified\":\"2024-01-30T15:51:56+00:00\",\"description\":\"Finden Sie heraus, wie Sie Scarabeo Camping, Camping Village in Sizilien in Punta Braccetto, direkt am Meer erreichen\",\"breadcrumb\":{\"@id\":\"https:\/\/scarabeocamping.it\/de\/wo-wir-sind\/#breadcrumb\"},\"inLanguage\":\"de\",\"potentialAction\":[{\"@type\":\"ReadAction\",\"target\":[\"https:\/\/scarabeocamping.it\/de\/wo-wir-sind\/\"]}]},{\"@type\":\"BreadcrumbList\",\"@id\":\"https:\/\/scarabeocamping.it\/de\/wo-wir-sind\/#breadcrumb\",\"itemListElement\":[{\"@type\":\"ListItem\",\"position\":1,\"name\":\"Home\",\"item\":\"https:\/\/scarabeocamping.it\/de\/\"},{\"@type\":\"ListItem\",\"position\":2,\"name\":\"Wo wir sind\"}]},{\"@type\":\"WebSite\",\"@id\":\"https:\/\/scarabeocamping.it\/de\/#website\",\"url\":\"https:\/\/scarabeocamping.it\/de\/\",\"name\":\"Scarabeo Camping\",\"description\":\"\",\"publisher\":{\"@id\":\"https:\/\/scarabeocamping.it\/de\/#organization\"},\"potentialAction\":[{\"@type\":\"SearchAction\",\"target\":{\"@type\":\"EntryPoint\",\"urlTemplate\":\"https:\/\/scarabeocamping.it\/de\/?s={search_term_string}\"},\"query-input\":\"required name=search_term_string\"}],\"inLanguage\":\"de\"},{\"@type\":\"Organization\",\"@id\":\"https:\/\/scarabeocamping.it\/de\/#organization\",\"name\":\"Scarabeo Camping\",\"url\":\"https:\/\/scarabeocamping.it\/de\/\",\"logo\":{\"@type\":\"ImageObject\",\"inLanguage\":\"de\",\"@id\":\"https:\/\/scarabeocamping.it\/de\/#\/schema\/logo\/image\/\",\"url\":\"https:\/\/scarabeocamping.it\/wp-content\/uploads\/2022\/09\/01-CAMPING-SCARABEO_LOGO.png\",\"contentUrl\":\"https:\/\/scarabeocamping.it\/wp-content\/uploads\/2022\/09\/01-CAMPING-SCARABEO_LOGO.png\",\"width\":400,\"height\":135,\"caption\":\"Scarabeo Camping\"},\"image\":{\"@id\":\"https:\/\/scarabeocamping.it\/de\/#\/schema\/logo\/image\/\"},\"sameAs\":[\"https:\/\/www.facebook.com\/CampingScarabeo\",\"https:\/\/twitter.com\/Scarabeocampin1\",\"https:\/\/www.instagram.com\/campingscarabeo\/\"]}]}<\/script>\n<!-- \/ Yoast SEO plugin. -->","yoast_head_json":{"title":"Wo wir sind - Scarabeo Camping in Sizilien","description":"Finden Sie heraus, wie Sie Scarabeo Camping, Camping Village in Sizilien in Punta Braccetto, direkt am Meer erreichen","robots":{"index":"index","follow":"follow","max-snippet":"max-snippet:-1","max-image-preview":"max-image-preview:large","max-video-preview":"max-video-preview:-1"},"canonical":"https:\/\/scarabeocamping.it\/de\/wo-wir-sind\/","og_locale":"de_DE","og_type":"article","og_title":"Wo wir sind - Scarabeo Camping in Sizilien","og_description":"Finden Sie heraus, wie Sie Scarabeo Camping, Camping Village in Sizilien in Punta Braccetto, direkt am Meer erreichen","og_url":"https:\/\/scarabeocamping.it\/de\/wo-wir-sind\/","og_site_name":"Scarabeo Camping","article_publisher":"https:\/\/www.facebook.com\/CampingScarabeo","article_modified_time":"2024-01-30T15:51:56+00:00","twitter_card":"summary_large_image","twitter_site":"@Scarabeocampin1","twitter_misc":{"Gesch\u00e4tzte Lesezeit":"2\u00a0Minuten"},"schema":{"@context":"https:\/\/schema.org","@graph":[{"@type":"WebPage","@id":"https:\/\/scarabeocamping.it\/de\/wo-wir-sind\/","url":"https:\/\/scarabeocamping.it\/de\/wo-wir-sind\/","name":"Wo wir sind - Scarabeo Camping in Sizilien","isPartOf":{"@id":"https:\/\/scarabeocamping.it\/de\/#website"},"datePublished":"2021-07-16T11:59:00+00:00","dateModified":"2024-01-30T15:51:56+00:00","description":"Finden Sie heraus, wie Sie Scarabeo Camping, Camping Village in Sizilien in Punta Braccetto, direkt am Meer erreichen","breadcrumb":{"@id":"https:\/\/scarabeocamping.it\/de\/wo-wir-sind\/#breadcrumb"},"inLanguage":"de","potentialAction":[{"@type":"ReadAction","target":["https:\/\/scarabeocamping.it\/de\/wo-wir-sind\/"]}]},{"@type":"BreadcrumbList","@id":"https:\/\/scarabeocamping.it\/de\/wo-wir-sind\/#breadcrumb","itemListElement":[{"@type":"ListItem","position":1,"name":"Home","item":"https:\/\/scarabeocamping.it\/de\/"},{"@type":"ListItem","position":2,"name":"Wo wir sind"}]},{"@type":"WebSite","@id":"https:\/\/scarabeocamping.it\/de\/#website","url":"https:\/\/scarabeocamping.it\/de\/","name":"Scarabeo Camping","description":"","publisher":{"@id":"https:\/\/scarabeocamping.it\/de\/#organization"},"potentialAction":[{"@type":"SearchAction","target":{"@type":"EntryPoint","urlTemplate":"https:\/\/scarabeocamping.it\/de\/?s={search_term_string}"},"query-input":"required name=search_term_string"}],"inLanguage":"de"},{"@type":"Organization","@id":"https:\/\/scarabeocamping.it\/de\/#organization","name":"Scarabeo Camping","url":"https:\/\/scarabeocamping.it\/de\/","logo":{"@type":"ImageObject","inLanguage":"de","@id":"https:\/\/scarabeocamping.it\/de\/#\/schema\/logo\/image\/","url":"https:\/\/scarabeocamping.it\/wp-content\/uploads\/2022\/09\/01-CAMPING-SCARABEO_LOGO.png","contentUrl":"https:\/\/scarabeocamping.it\/wp-content\/uploads\/2022\/09\/01-CAMPING-SCARABEO_LOGO.png","width":400,"height":135,"caption":"Scarabeo Camping"},"image":{"@id":"https:\/\/scarabeocamping.it\/de\/#\/schema\/logo\/image\/"},"sameAs":["https:\/\/www.facebook.com\/CampingScarabeo","https:\/\/twitter.com\/Scarabeocampin1","https:\/\/www.instagram.com\/campingscarabeo\/"]}]}},"_links":{"self":[{"href":"https:\/\/scarabeocamping.it\/de\/wp-json\/wp\/v2\/pages\/2101"}],"collection":[{"href":"https:\/\/scarabeocamping.it\/de\/wp-json\/wp\/v2\/pages"}],"about":[{"href":"https:\/\/scarabeocamping.it\/de\/wp-json\/wp\/v2\/types\/page"}],"author":[{"embeddable":true,"href":"https:\/\/scarabeocamping.it\/de\/wp-json\/wp\/v2\/users\/1"}],"replies":[{"embeddable":true,"href":"https:\/\/scarabeocamping.it\/de\/wp-json\/wp\/v2\/comments?post=2101"}],"version-history":[{"count":6,"href":"https:\/\/scarabeocamping.it\/de\/wp-json\/wp\/v2\/pages\/2101\/revisions"}],"predecessor-version":[{"id":2314,"href":"https:\/\/scarabeocamping.it\/de\/wp-json\/wp\/v2\/pages\/2101\/revisions\/2314"}],"wp:attachment":[{"href":"https:\/\/scarabeocamping.it\/de\/wp-json\/wp\/v2\/media?parent=2101"}],"curies":[{"name":"wp","href":"https:\/\/api.w.org\/{rel}","templated":true}]}}