{"id":2091,"date":"2021-07-02T07:18:43","date_gmt":"2021-07-02T07:18:43","guid":{"rendered":"http:\/\/scarabeocamping.it\/mietbedingungen\/"},"modified":"2023-09-25T08:29:29","modified_gmt":"2023-09-25T08:29:29","slug":"mietbedingungen","status":"publish","type":"page","link":"https:\/\/scarabeocamping.it\/de\/mietbedingungen\/","title":{"rendered":"Mietbedingungen"},"content":{"rendered":"<section class=\"l-section wpb_row height_small with_img\"><div class=\"l-section-img\" role=\"img\" data-img-width=\"1200\" data-img-height=\"900\" style=\"background-image: url(https:\/\/scarabeocamping.it\/wp-content\/uploads\/2021\/06\/scarabeo-camping-village-punta-braccetto-ragusa-sicilia-39.jpg);background-position: top center;background-repeat: no-repeat;\"><\/div><div class=\"l-section-h i-cf\"><div class=\"g-cols vc_row via_flex valign_top type_default stacking_default\"><div class=\"vc_col-sm-12 wpb_column vc_column_container\"><div class=\"vc_column-inner\"><div class=\"wpb_wrapper\"><div class=\"ult-spacer spacer-69e6168f57b98\" data-id=\"69e6168f57b98\" data-height=\"350\" data-height-mobile=\"350\" data-height-tab=\"350\" data-height-tab-portrait=\"\" data-height-mobile-landscape=\"\" style=\"clear:both;display:block;\"><\/div><\/div><\/div><\/div><\/div><\/div><\/section><section class=\"l-section wpb_row height_small\"><div class=\"l-section-h i-cf\"><div class=\"g-cols vc_row via_flex valign_top type_default stacking_default\"><div class=\"vc_col-sm-12 wpb_column vc_column_container\"><div class=\"vc_column-inner\"><div class=\"wpb_wrapper\"><div class=\"w-separator size_medium\"><\/div><div id=\"ultv-7053\" class=\"ult-dual-color ult-adjust-bottom-margin ult-dual-color-responsive-none ultv-7053  \"><div class=\"ult-module-content ult-dual-color-heading\" style=\"text-align:center;\">\r\n\t\t\t\t\t\t<h2><span class=\"ult-before-heading\">\r\n\t\t\t\t\t\t\t\t\t<span class=\"ult-dual-heading-text ult-first-text ult-responsive\"  data-ultimate-target='.ult-dual-color.ultv-7053 .ult-dual-heading-text'  data-responsive-json-new='{\"font-size\":\"desktop:35px;\",\"line-height\":\"\"}'  style=\"     border:none; font-weight:normal;\"> <\/span>\r\n\t\t\t\t\t\t\t\t<\/span><span class=\"ult-adv-heading\" style=\"\">\r\n\t\t\t\t\t\t\t\t\t<span class=\"ult-dual-adv-heading-text ult-highlight-text ult-responsive\"  data-ultimate-target='.ult-dual-color.ultv-7053 .ult-highlight-text'  data-responsive-json-new='{\"font-size\":\"desktop:50px;\",\"line-height\":\"\"}'  style=\"color:#91c094;     border:none; font-weight:normal;\">Mietbedingungen<\/span>\r\n\t\t\t\t\t\t\t\t<\/span><\/h2> <\/div><\/div><div class=\"w-separator us_custom_8b3d6790 has_text_color size_small with_line width_50 thick_2 style_solid color_text align_center with_content\"><div class=\"w-separator-h\"><i class=\"fas fa-seedling\"><\/i><\/div><\/div><div class=\"wpb_text_column us_custom_0f088a09 has_text_color\"><div class=\"wpb_wrapper\"><h6 style=\"text-align: center;\">Bedingungen und Vorschriften f\u00fcr Ihre Buchung<\/h6>\n<\/div><\/div><\/div><\/div><\/div><\/div><\/div><\/section><section class=\"l-section wpb_row height_small\"><div class=\"l-section-h i-cf\"><div class=\"g-cols vc_row via_flex valign_top type_default stacking_default\"><div class=\"vc_col-sm-12 wpb_column vc_column_container\"><div class=\"vc_column-inner\"><div class=\"wpb_wrapper\"><div id=\"ultv-6600\" class=\"ult-dual-color ult-adjust-bottom-margin ult-dual-color-responsive-none ultv-6600  \"><div class=\"ult-module-content ult-dual-color-heading\" style=\"text-align:left;\">\r\n\t\t\t\t\t\t<h2><span class=\"ult-before-heading\">\r\n\t\t\t\t\t\t\t\t\t<span class=\"ult-dual-heading-text ult-first-text ult-responsive\"  data-ultimate-target='.ult-dual-color.ultv-6600 .ult-dual-heading-text'  data-responsive-json-new='{\"font-size\":\"desktop:25px;\",\"line-height\":\"\"}'  style=\"     border:none; font-weight:normal;\">Mietbedingungen<\/span>\r\n\t\t\t\t\t\t\t\t<\/span><span class=\"ult-adv-heading\" style=\"\">\r\n\t\t\t\t\t\t\t\t\t<span class=\"ult-dual-adv-heading-text ult-highlight-text ult-responsive\"  data-ultimate-target='.ult-dual-color.ultv-6600 .ult-highlight-text'  data-responsive-json-new='{\"font-size\":\"desktop:40px;\",\"line-height\":\"\"}'  style=\"color:#91c094;     border:none; font-weight:normal;\">Campingplatz<\/span>\r\n\t\t\t\t\t\t\t\t<\/span><\/h2> <\/div><\/div><div class=\"ult-spacer spacer-69e6168f5899d\" data-id=\"69e6168f5899d\" data-height=\"20\" data-height-mobile=\"20\" data-height-tab=\"20\" data-height-tab-portrait=\"\" data-height-mobile-landscape=\"\" style=\"clear:both;display:block;\"><\/div><div class=\"wpb_text_column\"><div class=\"wpb_wrapper\"><p>Es ist m\u00f6glich, den Stellplatz in den zul\u00e4ssigen Zeitr\u00e4umen gegen Zahlung einer Anzahlung in H\u00f6he von 30 % des Aufenthaltspreises zu reservieren, die sp\u00e4testens 3 Tage nach der Anfrage zu \u00fcberweisen ist; unter Androhung des Verlustes des Reservierungsrechts.<\/p>\n<p>F\u00fcr den Monat August betr\u00e4gt der Mindestaufenthalt 7 Tage.<br \/>\nVersp\u00e4tungen von mehr als 24 Stunden, die der Direktion nicht mitgeteilt wurden, f\u00fchren zur Stornierung der Reservierung.<\/p>\n<p>Wenn der Gast aus irgendeinem Grund gezwungen ist, von der Reservierung zur\u00fcckzutreten, wird ihm die Anzahlung abz\u00fcglich 30,00 Euro f\u00fcr die B\u00fcrokosten zur\u00fcckerstattet, sofern die Stornierungsmitteilung innerhalb von 45 Tagen vor dem voraussichtlichen Ankunftsdatum beim Campingplatz eingeht.<\/p>\n<p>Der Restbetrag ist bei Ankunft nach den Ankunftsformalit\u00e4ten zu zahlen.<\/p>\n<p>Versp\u00e4tungen bei der Ankunft und vorzeitige Abreisen m\u00fcssen der Direktion rechtzeitig mitgeteilt werden und erfordern in jedem Fall die Zahlung des gesamten gebuchten Zeitraums.<br \/>\nDie Direktion beh\u00e4lt sich das Recht vor, die Stellpl\u00e4tze nach eigenem Ermessen zuzuteilen.<br \/>\nDie Tarife verstehen sich pro Tag, unabh\u00e4ngig vom Zeitpunkt der Ankunft.<\/p>\n<p>Ankunft von 10:00 bis 21:00 Uhr und Abreise bis 12:00 Uhr (im August bis 10:00 Uhr).<br \/>\nUnter Stellplatz versteht sich der Platz f\u00fcr Zelt\/Wohnmobil\/Wohnwagen und Veranda; zus\u00e4tzliche Ausstattungen wie K\u00fcchenzelt, Pavillon oder \u00e4hnliches k\u00f6nnen nur aufgestellt werden, wenn sie die angrenzenden Stellpl\u00e4tze nicht beeintr\u00e4chtigen.<\/p>\n<p>Die Direktion beh\u00e4lt sich das Recht vor, diese Strukturen abbauen zu lassen, wenn sie Hindernisse und\/oder Einschr\u00e4nkungen jeglicher Art darstellen.<\/p>\n<p>Autos m\u00fcssen auf dem f\u00fcr sie reservierten Parkplatz abgestellt werden.<\/p>\n<p>Bei der Abreise muss der Stellplatz sauber, frei von Gegenst\u00e4nden oder M\u00fclls\u00e4cken \u00fcbergeben werden, andernfalls wird eine Geb\u00fchr von 20,00 \u20ac erhoben.<\/p>\n<p>Aus R\u00fccksicht auf alle anderen G\u00e4ste und die W\u00fcrde des Campingplatzes ist es Pflicht, den eigenen Stellplatz w\u00e4hrend des Aufenthalts sauber und ordentlich zu halten.<\/p>\n<\/div><\/div><\/div><\/div><\/div><\/div><\/div><\/section><section class=\"l-section wpb_row height_small\"><div class=\"l-section-h i-cf\"><div class=\"g-cols vc_row via_flex valign_top type_default stacking_default\"><div class=\"vc_col-sm-12 wpb_column vc_column_container\"><div class=\"vc_column-inner\"><div class=\"wpb_wrapper\"><div id=\"ultv-3545\" class=\"ult-dual-color ult-adjust-bottom-margin ult-dual-color-responsive-none ultv-3545  \"><div class=\"ult-module-content ult-dual-color-heading\" style=\"text-align:left;\">\r\n\t\t\t\t\t\t<h2><span class=\"ult-before-heading\">\r\n\t\t\t\t\t\t\t\t\t<span class=\"ult-dual-heading-text ult-first-text ult-responsive\"  data-ultimate-target='.ult-dual-color.ultv-3545 .ult-dual-heading-text'  data-responsive-json-new='{\"font-size\":\"desktop:25px;\",\"line-height\":\"\"}'  style=\"     border:none; font-weight:normal;\">Mietbedingungen<\/span>\r\n\t\t\t\t\t\t\t\t<\/span><span class=\"ult-adv-heading\" style=\"\">\r\n\t\t\t\t\t\t\t\t\t<span class=\"ult-dual-adv-heading-text ult-highlight-text ult-responsive\"  data-ultimate-target='.ult-dual-color.ultv-3545 .ult-highlight-text'  data-responsive-json-new='{\"font-size\":\"desktop:40px;\",\"line-height\":\"\"}'  style=\"color:#96bbcf;     border:none; font-weight:normal;\">Mobilheime<\/span>\r\n\t\t\t\t\t\t\t\t<\/span><\/h2> <\/div><\/div><div class=\"ult-spacer spacer-69e6168f58f49\" data-id=\"69e6168f58f49\" data-height=\"20\" data-height-mobile=\"20\" data-height-tab=\"20\" data-height-tab-portrait=\"\" data-height-mobile-landscape=\"\" style=\"clear:both;display:block;\"><\/div><div class=\"wpb_text_column\"><div class=\"wpb_wrapper\"><p>F\u00fcr den Aufenthalt in Wohnwagen und Mobilheimen ist die Reservierung Pflicht, mit einer Anzahlung von 50 % des Aufenthaltspreises, die sp\u00e4testens 3 Tage nach der Anfrage zu \u00fcberweisen ist; unter Androhung des Verlustes des Reservierungsrechts. Der Restbetrag ist bei Ankunft nach den Ankunftsformalit\u00e4ten zu zahlen. Bei der Ankunft ist eine Kaution in H\u00f6he von \u20ac 200,00 f\u00fcr Mobilheime und \u20ac 100,00 f\u00fcr Wohnwagen zu hinterlegen. Die Kaution wird am Ende des Aufenthaltes, sofern in den Wohneinheiten keine Sch\u00e4den entstanden sind, nach erfolgter Zahlung zur\u00fcckerstattet. S\u00e4mtliche Sch\u00e4den an der Mietsache und deren Einrichtung gehen zu Lasten des Kunden.<\/p>\n<p>Versp\u00e4tungen bei der Ankunft und vorzeitige Abreisen m\u00fcssen der Direktion rechtzeitig mitgeteilt werden und erfordern in jedem Fall die Zahlung des gesamten gebuchten Zeitraums. Versp\u00e4tungen von mehr als 24 Stunden, die der Direktion nicht mitgeteilt wurden, f\u00fchren zur Stornierung der Reservierung.<\/p>\n<p>Bei Stornierung der Reservierung, wird die Anzahlung abz\u00fcglich 50,00 Euro f\u00fcr die B\u00fcrokosten zur\u00fcckerstattet, sofern die Stornierungsmitteilung innerhalb von 45 Tagen vor dem voraussichtlichen Ankunftsdatum beim Campingplatz eingeht. Auf den f\u00fcr Wohnwagen und Mobilheime reservierten Stellpl\u00e4tzen ist das Aufstellen von Zelten, Pavillons und\/oder \u00e4hnlichen Ausstattungen verboten. Obligatorischer Zuschlag f\u00fcr die Endreinigung 50,00 \u20ac f\u00fcr Mobilheime und 35,00 \u20ac f\u00fcr Wohnwagen. In den Zeitr\u00e4umen A und B betr\u00e4gt der Mindestaufenthalt 3 Tage. In den Zeitr\u00e4umen C, D und E betr\u00e4gt der Mindestaufenthalt 7 Tage und zwar von Samstag bis Samstag. Der Preis der Wohneinheiten umfasst: einen Autostellplatz, komplette Ausstattung mit T\u00f6pfen und Geschirr (f\u00fcr Wohnwagen nur T\u00f6pfe und Besteck), m\u00f6blierte Veranda, hei\u00dfes und kaltes Wasser (f\u00fcr Wohnwagen nur kaltes Wasser), Gas, Stromverbrauch bis 14 kw pro Woche, Geb\u00fchren und MwSt. Der Preis der Wohneinheiten umfasst nicht: Bettw\u00e4sche zum Preis von 10,00 \u20ac pro Person mit w\u00f6chentlichem Wechsel, Handt\u00fccher f\u00fcr 10,00 \u20ac pro Person mit w\u00f6chentlichem Wechsel, f\u00fcr den Stromverbrauch von mehr als 14 kw pro Woche werden 0,35 \u20ac pro kw berechnet. F\u00fcr Winterpauschalen von mindestens 30 N\u00e4chten wird ein Gesamtstromverbrauch von 0,35 \u20ac pro kw und ein Gesamtgasverbrauch von 1,50 \u20ac pro l berechnet.<\/p>\n<p>Ankunft von 16:00 bis 22:00 Uhr und Abreise bis 10:00 Uhr. Die Direktion beh\u00e4lt sich das Recht vor, die Wohneinheiten nach eigenem Ermessen zuzuteilen.<\/p>\n<\/div><\/div><div class=\"w-separator us_custom_6745946f has_text_color size_small\"><\/div><\/div><\/div><\/div><\/div><\/div><\/section>\n","protected":false},"excerpt":{"rendered":"Mietbedingungen Bedingungen und Vorschriften f\u00fcr Ihre Buchung Mietbedingungen Campingplatz Es ist m\u00f6glich, den Stellplatz in den zul\u00e4ssigen Zeitr\u00e4umen gegen Zahlung einer Anzahlung in H\u00f6he von 30 % des Aufenthaltspreises zu reservieren, die sp\u00e4testens 3 Tage nach der Anfrage zu \u00fcberweisen ist; unter Androhung des Verlustes des Reservierungsrechts. F\u00fcr den Monat August betr\u00e4gt der Mindestaufenthalt 7...","protected":false},"author":1,"featured_media":0,"parent":0,"menu_order":0,"comment_status":"closed","ping_status":"closed","template":"","meta":[],"yoast_head":"<!-- This site is optimized with the Yoast SEO plugin v20.11 - https:\/\/yoast.com\/wordpress\/plugins\/seo\/ -->\n<title>Mietbedingungen - Scarabeo Camping<\/title>\n<meta name=\"robots\" content=\"index, follow, max-snippet:-1, max-image-preview:large, max-video-preview:-1\" \/>\n<link rel=\"canonical\" href=\"https:\/\/scarabeocamping.it\/de\/mietbedingungen\/\" \/>\n<meta property=\"og:locale\" content=\"de_DE\" \/>\n<meta property=\"og:type\" content=\"article\" \/>\n<meta property=\"og:title\" content=\"Mietbedingungen - Scarabeo Camping\" \/>\n<meta property=\"og:url\" content=\"https:\/\/scarabeocamping.it\/de\/mietbedingungen\/\" \/>\n<meta property=\"og:site_name\" content=\"Scarabeo Camping\" \/>\n<meta property=\"article:publisher\" content=\"https:\/\/www.facebook.com\/CampingScarabeo\" \/>\n<meta property=\"article:modified_time\" content=\"2023-09-25T08:29:29+00:00\" \/>\n<meta name=\"twitter:card\" content=\"summary_large_image\" \/>\n<meta name=\"twitter:site\" content=\"@Scarabeocampin1\" \/>\n<meta name=\"twitter:label1\" content=\"Gesch\u00e4tzte Lesezeit\" \/>\n\t<meta name=\"twitter:data1\" content=\"4\u00a0Minuten\" \/>\n<script type=\"application\/ld+json\" class=\"yoast-schema-graph\">{\"@context\":\"https:\/\/schema.org\",\"@graph\":[{\"@type\":\"WebPage\",\"@id\":\"https:\/\/scarabeocamping.it\/de\/mietbedingungen\/\",\"url\":\"https:\/\/scarabeocamping.it\/de\/mietbedingungen\/\",\"name\":\"Mietbedingungen - Scarabeo Camping\",\"isPartOf\":{\"@id\":\"https:\/\/scarabeocamping.it\/de\/#website\"},\"datePublished\":\"2021-07-02T07:18:43+00:00\",\"dateModified\":\"2023-09-25T08:29:29+00:00\",\"breadcrumb\":{\"@id\":\"https:\/\/scarabeocamping.it\/de\/mietbedingungen\/#breadcrumb\"},\"inLanguage\":\"de\",\"potentialAction\":[{\"@type\":\"ReadAction\",\"target\":[\"https:\/\/scarabeocamping.it\/de\/mietbedingungen\/\"]}]},{\"@type\":\"BreadcrumbList\",\"@id\":\"https:\/\/scarabeocamping.it\/de\/mietbedingungen\/#breadcrumb\",\"itemListElement\":[{\"@type\":\"ListItem\",\"position\":1,\"name\":\"Home\",\"item\":\"https:\/\/scarabeocamping.it\/de\/\"},{\"@type\":\"ListItem\",\"position\":2,\"name\":\"Mietbedingungen\"}]},{\"@type\":\"WebSite\",\"@id\":\"https:\/\/scarabeocamping.it\/de\/#website\",\"url\":\"https:\/\/scarabeocamping.it\/de\/\",\"name\":\"Scarabeo Camping\",\"description\":\"\",\"publisher\":{\"@id\":\"https:\/\/scarabeocamping.it\/de\/#organization\"},\"potentialAction\":[{\"@type\":\"SearchAction\",\"target\":{\"@type\":\"EntryPoint\",\"urlTemplate\":\"https:\/\/scarabeocamping.it\/de\/?s={search_term_string}\"},\"query-input\":\"required name=search_term_string\"}],\"inLanguage\":\"de\"},{\"@type\":\"Organization\",\"@id\":\"https:\/\/scarabeocamping.it\/de\/#organization\",\"name\":\"Scarabeo Camping\",\"url\":\"https:\/\/scarabeocamping.it\/de\/\",\"logo\":{\"@type\":\"ImageObject\",\"inLanguage\":\"de\",\"@id\":\"https:\/\/scarabeocamping.it\/de\/#\/schema\/logo\/image\/\",\"url\":\"https:\/\/scarabeocamping.it\/wp-content\/uploads\/2022\/09\/01-CAMPING-SCARABEO_LOGO.png\",\"contentUrl\":\"https:\/\/scarabeocamping.it\/wp-content\/uploads\/2022\/09\/01-CAMPING-SCARABEO_LOGO.png\",\"width\":400,\"height\":135,\"caption\":\"Scarabeo Camping\"},\"image\":{\"@id\":\"https:\/\/scarabeocamping.it\/de\/#\/schema\/logo\/image\/\"},\"sameAs\":[\"https:\/\/www.facebook.com\/CampingScarabeo\",\"https:\/\/twitter.com\/Scarabeocampin1\",\"https:\/\/www.instagram.com\/campingscarabeo\/\"]}]}<\/script>\n<!-- \/ Yoast SEO plugin. -->","yoast_head_json":{"title":"Mietbedingungen - Scarabeo Camping","robots":{"index":"index","follow":"follow","max-snippet":"max-snippet:-1","max-image-preview":"max-image-preview:large","max-video-preview":"max-video-preview:-1"},"canonical":"https:\/\/scarabeocamping.it\/de\/mietbedingungen\/","og_locale":"de_DE","og_type":"article","og_title":"Mietbedingungen - Scarabeo Camping","og_url":"https:\/\/scarabeocamping.it\/de\/mietbedingungen\/","og_site_name":"Scarabeo Camping","article_publisher":"https:\/\/www.facebook.com\/CampingScarabeo","article_modified_time":"2023-09-25T08:29:29+00:00","twitter_card":"summary_large_image","twitter_site":"@Scarabeocampin1","twitter_misc":{"Gesch\u00e4tzte Lesezeit":"4\u00a0Minuten"},"schema":{"@context":"https:\/\/schema.org","@graph":[{"@type":"WebPage","@id":"https:\/\/scarabeocamping.it\/de\/mietbedingungen\/","url":"https:\/\/scarabeocamping.it\/de\/mietbedingungen\/","name":"Mietbedingungen - Scarabeo Camping","isPartOf":{"@id":"https:\/\/scarabeocamping.it\/de\/#website"},"datePublished":"2021-07-02T07:18:43+00:00","dateModified":"2023-09-25T08:29:29+00:00","breadcrumb":{"@id":"https:\/\/scarabeocamping.it\/de\/mietbedingungen\/#breadcrumb"},"inLanguage":"de","potentialAction":[{"@type":"ReadAction","target":["https:\/\/scarabeocamping.it\/de\/mietbedingungen\/"]}]},{"@type":"BreadcrumbList","@id":"https:\/\/scarabeocamping.it\/de\/mietbedingungen\/#breadcrumb","itemListElement":[{"@type":"ListItem","position":1,"name":"Home","item":"https:\/\/scarabeocamping.it\/de\/"},{"@type":"ListItem","position":2,"name":"Mietbedingungen"}]},{"@type":"WebSite","@id":"https:\/\/scarabeocamping.it\/de\/#website","url":"https:\/\/scarabeocamping.it\/de\/","name":"Scarabeo Camping","description":"","publisher":{"@id":"https:\/\/scarabeocamping.it\/de\/#organization"},"potentialAction":[{"@type":"SearchAction","target":{"@type":"EntryPoint","urlTemplate":"https:\/\/scarabeocamping.it\/de\/?s={search_term_string}"},"query-input":"required name=search_term_string"}],"inLanguage":"de"},{"@type":"Organization","@id":"https:\/\/scarabeocamping.it\/de\/#organization","name":"Scarabeo Camping","url":"https:\/\/scarabeocamping.it\/de\/","logo":{"@type":"ImageObject","inLanguage":"de","@id":"https:\/\/scarabeocamping.it\/de\/#\/schema\/logo\/image\/","url":"https:\/\/scarabeocamping.it\/wp-content\/uploads\/2022\/09\/01-CAMPING-SCARABEO_LOGO.png","contentUrl":"https:\/\/scarabeocamping.it\/wp-content\/uploads\/2022\/09\/01-CAMPING-SCARABEO_LOGO.png","width":400,"height":135,"caption":"Scarabeo Camping"},"image":{"@id":"https:\/\/scarabeocamping.it\/de\/#\/schema\/logo\/image\/"},"sameAs":["https:\/\/www.facebook.com\/CampingScarabeo","https:\/\/twitter.com\/Scarabeocampin1","https:\/\/www.instagram.com\/campingscarabeo\/"]}]}},"_links":{"self":[{"href":"https:\/\/scarabeocamping.it\/de\/wp-json\/wp\/v2\/pages\/2091"}],"collection":[{"href":"https:\/\/scarabeocamping.it\/de\/wp-json\/wp\/v2\/pages"}],"about":[{"href":"https:\/\/scarabeocamping.it\/de\/wp-json\/wp\/v2\/types\/page"}],"author":[{"embeddable":true,"href":"https:\/\/scarabeocamping.it\/de\/wp-json\/wp\/v2\/users\/1"}],"replies":[{"embeddable":true,"href":"https:\/\/scarabeocamping.it\/de\/wp-json\/wp\/v2\/comments?post=2091"}],"version-history":[{"count":4,"href":"https:\/\/scarabeocamping.it\/de\/wp-json\/wp\/v2\/pages\/2091\/revisions"}],"predecessor-version":[{"id":2097,"href":"https:\/\/scarabeocamping.it\/de\/wp-json\/wp\/v2\/pages\/2091\/revisions\/2097"}],"wp:attachment":[{"href":"https:\/\/scarabeocamping.it\/de\/wp-json\/wp\/v2\/media?parent=2091"}],"curies":[{"name":"wp","href":"https:\/\/api.w.org\/{rel}","templated":true}]}}