{"id":2085,"date":"2020-10-26T14:54:15","date_gmt":"2020-10-26T14:54:15","guid":{"rendered":"http:\/\/scarabeocamping.it\/mobilheime\/"},"modified":"2023-09-25T08:10:59","modified_gmt":"2023-09-25T08:10:59","slug":"mobilheime","status":"publish","type":"page","link":"https:\/\/scarabeocamping.it\/de\/mobilheime\/","title":{"rendered":"Mobilheime"},"content":{"rendered":"<section class=\"l-section wpb_row height_small with_img\"><div class=\"l-section-img\" role=\"img\" data-img-width=\"1600\" data-img-height=\"650\" style=\"background-image: url(https:\/\/scarabeocamping.it\/wp-content\/uploads\/2020\/10\/scarabeo-camping-village-punta-braccetto-ragusa-sicilia-09.jpg);background-repeat: no-repeat;\"><\/div><div class=\"l-section-h i-cf\"><div class=\"g-cols vc_row via_flex valign_top type_default stacking_default\"><div class=\"vc_col-sm-12 wpb_column vc_column_container\"><div class=\"vc_column-inner\"><div class=\"wpb_wrapper\"><div class=\"ult-spacer spacer-69d2baa23dba0\" data-id=\"69d2baa23dba0\" data-height=\"350\" data-height-mobile=\"350\" data-height-tab=\"350\" data-height-tab-portrait=\"\" data-height-mobile-landscape=\"\" style=\"clear:both;display:block;\"><\/div><\/div><\/div><\/div><\/div><\/div><\/section><section class=\"l-section wpb_row height_small\"><div class=\"l-section-h i-cf\"><div class=\"g-cols vc_row via_flex valign_top type_default stacking_default\"><div class=\"vc_col-sm-12 wpb_column vc_column_container\"><div class=\"vc_column-inner\"><div class=\"wpb_wrapper\"><div class=\"wpb_text_column us_custom_4e55af8d has_text_color\"><div class=\"wpb_wrapper\"><h1 style=\"text-align: center;\">MOBILHEIME<\/h1>\n<\/div><\/div><div class=\"w-separator us_custom_8b3d6790 has_text_color size_small with_line width_50 thick_2 style_solid color_text align_center with_content\"><div class=\"w-separator-h\"><i class=\"fas fa-seedling\"><\/i><\/div><\/div><div class=\"wpb_text_column us_custom_0f088a09 has_text_color\"><div class=\"wpb_wrapper\"><h6 style=\"text-align: center;\">W\u00e4hlen Sie Ihre perfekte Unterkunft, umgeben von viel Gr\u00fcn und Entspannung<\/h6>\n<\/div><\/div><\/div><\/div><\/div><\/div><\/div><\/section><section class=\"l-section wpb_row us_custom_e4eb24e1 height_small\"><div class=\"l-section-h i-cf\"><div class=\"g-cols vc_row via_flex valign_top type_default stacking_default\"><div class=\"vc_col-sm-12 wpb_column vc_column_container\"><div class=\"vc_column-inner\"><div class=\"wpb_wrapper\"><div class=\"w-separator size_small\"><\/div><\/div><\/div><\/div><div class=\"vc_col-sm-6 wpb_column vc_column_container\"><div class=\"vc_column-inner\"><div class=\"wpb_wrapper\"><div class=\"w-ibanner us_custom_2e44cd32 animation_phorcys ratio_3x2 easing_ease\"><div class=\"w-ibanner-h\"><div class=\"w-ibanner-image\" style=\"background-image: url(https:\/\/scarabeocamping.it\/wp-content\/uploads\/2021\/06\/scarabeo-camping-village-punta-braccetto-ragusa-sicilia-51-1024x684.jpg)\"><\/div><div class=\"w-ibanner-content\"><div class=\"w-ibanner-content-h\"><h2 class=\"w-ibanner-title\">GREEN NATURE<\/h2><div class=\"w-ibanner-desc\"><p>Entdecken Sie die Unterk\u00fcnfte<\/p>\n<\/div><\/div><\/div><\/div><a href=\"http:\/\/scarabeocamping.it\/de\/sistemazioni\/green-nature\/\" aria-label=\"GREEN NATURE\"><\/a><\/div><\/div><\/div><\/div><div class=\"vc_col-sm-6 wpb_column vc_column_container\"><div class=\"vc_column-inner\"><div class=\"wpb_wrapper\"><div class=\"w-ibanner us_custom_762814e3 animation_phorcys ratio_3x2 easing_ease\"><div class=\"w-ibanner-h\"><div class=\"w-ibanner-image\" style=\"background-image: url(https:\/\/scarabeocamping.it\/wp-content\/uploads\/2020\/10\/scarabeo-camping-village-punta-braccetto-ragusa-sicilia-04-1024x416.jpg)\"><\/div><div class=\"w-ibanner-content\"><div class=\"w-ibanner-content-h\"><h2 class=\"w-ibanner-title\">BLUE NATURE<\/h2><div class=\"w-ibanner-desc\"><p>Entdecken Sie die Unterk\u00fcnfte<\/p>\n<\/div><\/div><\/div><\/div><a href=\"http:\/\/scarabeocamping.it\/de\/sistemazioni\/blue-nature\/\" aria-label=\"BLUE NATURE\"><\/a><\/div><\/div><\/div><\/div><div class=\"vc_col-sm-12 wpb_column vc_column_container\"><div class=\"vc_column-inner\"><div class=\"wpb_wrapper\"><div class=\"w-separator size_medium\"><\/div><\/div><\/div><\/div><\/div><\/div><\/section>\n","protected":false},"excerpt":{"rendered":"MOBILHEIME W\u00e4hlen Sie Ihre perfekte Unterkunft, umgeben von viel Gr\u00fcn und Entspannung GREEN NATUREEntdecken Sie die Unterk\u00fcnfte BLUE NATUREEntdecken Sie die Unterk\u00fcnfte","protected":false},"author":1,"featured_media":0,"parent":0,"menu_order":0,"comment_status":"closed","ping_status":"closed","template":"","meta":[],"yoast_head":"<!-- This site is optimized with the Yoast SEO plugin v20.11 - https:\/\/yoast.com\/wordpress\/plugins\/seo\/ -->\n<title>Mobilheime in Punta Braccetto - Scarabeo Camping<\/title>\n<meta name=\"description\" content=\"Entdecken Sie unsere Mobilheime, hell, umgeben von Natur und Entspannung f\u00fcr einen Traumurlaub in Sizilien in Punta Braccetto\" \/>\n<meta name=\"robots\" content=\"index, follow, max-snippet:-1, max-image-preview:large, max-video-preview:-1\" \/>\n<link rel=\"canonical\" href=\"https:\/\/scarabeocamping.it\/de\/mobilheime\/\" \/>\n<meta property=\"og:locale\" content=\"de_DE\" \/>\n<meta property=\"og:type\" content=\"article\" \/>\n<meta property=\"og:title\" content=\"Mobilheime in Punta Braccetto - Scarabeo Camping\" \/>\n<meta property=\"og:description\" content=\"Entdecken Sie unsere Mobilheime, hell, umgeben von Natur und Entspannung f\u00fcr einen Traumurlaub in Sizilien in Punta Braccetto\" \/>\n<meta property=\"og:url\" content=\"https:\/\/scarabeocamping.it\/de\/mobilheime\/\" \/>\n<meta property=\"og:site_name\" content=\"Scarabeo Camping\" \/>\n<meta property=\"article:publisher\" content=\"https:\/\/www.facebook.com\/CampingScarabeo\" \/>\n<meta property=\"article:modified_time\" content=\"2023-09-25T08:10:59+00:00\" \/>\n<meta name=\"twitter:card\" content=\"summary_large_image\" \/>\n<meta name=\"twitter:site\" content=\"@Scarabeocampin1\" \/>\n<meta name=\"twitter:label1\" content=\"Gesch\u00e4tzte Lesezeit\" \/>\n\t<meta name=\"twitter:data1\" content=\"1\u00a0Minute\" \/>\n<script type=\"application\/ld+json\" class=\"yoast-schema-graph\">{\"@context\":\"https:\/\/schema.org\",\"@graph\":[{\"@type\":\"WebPage\",\"@id\":\"https:\/\/scarabeocamping.it\/de\/mobilheime\/\",\"url\":\"https:\/\/scarabeocamping.it\/de\/mobilheime\/\",\"name\":\"Mobilheime in Punta Braccetto - Scarabeo Camping\",\"isPartOf\":{\"@id\":\"https:\/\/scarabeocamping.it\/de\/#website\"},\"datePublished\":\"2020-10-26T14:54:15+00:00\",\"dateModified\":\"2023-09-25T08:10:59+00:00\",\"description\":\"Entdecken Sie unsere Mobilheime, hell, umgeben von Natur und Entspannung f\u00fcr einen Traumurlaub in Sizilien in Punta Braccetto\",\"breadcrumb\":{\"@id\":\"https:\/\/scarabeocamping.it\/de\/mobilheime\/#breadcrumb\"},\"inLanguage\":\"de\",\"potentialAction\":[{\"@type\":\"ReadAction\",\"target\":[\"https:\/\/scarabeocamping.it\/de\/mobilheime\/\"]}]},{\"@type\":\"BreadcrumbList\",\"@id\":\"https:\/\/scarabeocamping.it\/de\/mobilheime\/#breadcrumb\",\"itemListElement\":[{\"@type\":\"ListItem\",\"position\":1,\"name\":\"Home\",\"item\":\"https:\/\/scarabeocamping.it\/de\/\"},{\"@type\":\"ListItem\",\"position\":2,\"name\":\"Mobilheime\"}]},{\"@type\":\"WebSite\",\"@id\":\"https:\/\/scarabeocamping.it\/de\/#website\",\"url\":\"https:\/\/scarabeocamping.it\/de\/\",\"name\":\"Scarabeo Camping\",\"description\":\"\",\"publisher\":{\"@id\":\"https:\/\/scarabeocamping.it\/de\/#organization\"},\"potentialAction\":[{\"@type\":\"SearchAction\",\"target\":{\"@type\":\"EntryPoint\",\"urlTemplate\":\"https:\/\/scarabeocamping.it\/de\/?s={search_term_string}\"},\"query-input\":\"required name=search_term_string\"}],\"inLanguage\":\"de\"},{\"@type\":\"Organization\",\"@id\":\"https:\/\/scarabeocamping.it\/de\/#organization\",\"name\":\"Scarabeo Camping\",\"url\":\"https:\/\/scarabeocamping.it\/de\/\",\"logo\":{\"@type\":\"ImageObject\",\"inLanguage\":\"de\",\"@id\":\"https:\/\/scarabeocamping.it\/de\/#\/schema\/logo\/image\/\",\"url\":\"https:\/\/scarabeocamping.it\/wp-content\/uploads\/2022\/09\/01-CAMPING-SCARABEO_LOGO.png\",\"contentUrl\":\"https:\/\/scarabeocamping.it\/wp-content\/uploads\/2022\/09\/01-CAMPING-SCARABEO_LOGO.png\",\"width\":400,\"height\":135,\"caption\":\"Scarabeo Camping\"},\"image\":{\"@id\":\"https:\/\/scarabeocamping.it\/de\/#\/schema\/logo\/image\/\"},\"sameAs\":[\"https:\/\/www.facebook.com\/CampingScarabeo\",\"https:\/\/twitter.com\/Scarabeocampin1\",\"https:\/\/www.instagram.com\/campingscarabeo\/\"]}]}<\/script>\n<!-- \/ Yoast SEO plugin. -->","yoast_head_json":{"title":"Mobilheime in Punta Braccetto - Scarabeo Camping","description":"Entdecken Sie unsere Mobilheime, hell, umgeben von Natur und Entspannung f\u00fcr einen Traumurlaub in Sizilien in Punta Braccetto","robots":{"index":"index","follow":"follow","max-snippet":"max-snippet:-1","max-image-preview":"max-image-preview:large","max-video-preview":"max-video-preview:-1"},"canonical":"https:\/\/scarabeocamping.it\/de\/mobilheime\/","og_locale":"de_DE","og_type":"article","og_title":"Mobilheime in Punta Braccetto - Scarabeo Camping","og_description":"Entdecken Sie unsere Mobilheime, hell, umgeben von Natur und Entspannung f\u00fcr einen Traumurlaub in Sizilien in Punta Braccetto","og_url":"https:\/\/scarabeocamping.it\/de\/mobilheime\/","og_site_name":"Scarabeo Camping","article_publisher":"https:\/\/www.facebook.com\/CampingScarabeo","article_modified_time":"2023-09-25T08:10:59+00:00","twitter_card":"summary_large_image","twitter_site":"@Scarabeocampin1","twitter_misc":{"Gesch\u00e4tzte Lesezeit":"1\u00a0Minute"},"schema":{"@context":"https:\/\/schema.org","@graph":[{"@type":"WebPage","@id":"https:\/\/scarabeocamping.it\/de\/mobilheime\/","url":"https:\/\/scarabeocamping.it\/de\/mobilheime\/","name":"Mobilheime in Punta Braccetto - Scarabeo Camping","isPartOf":{"@id":"https:\/\/scarabeocamping.it\/de\/#website"},"datePublished":"2020-10-26T14:54:15+00:00","dateModified":"2023-09-25T08:10:59+00:00","description":"Entdecken Sie unsere Mobilheime, hell, umgeben von Natur und Entspannung f\u00fcr einen Traumurlaub in Sizilien in Punta Braccetto","breadcrumb":{"@id":"https:\/\/scarabeocamping.it\/de\/mobilheime\/#breadcrumb"},"inLanguage":"de","potentialAction":[{"@type":"ReadAction","target":["https:\/\/scarabeocamping.it\/de\/mobilheime\/"]}]},{"@type":"BreadcrumbList","@id":"https:\/\/scarabeocamping.it\/de\/mobilheime\/#breadcrumb","itemListElement":[{"@type":"ListItem","position":1,"name":"Home","item":"https:\/\/scarabeocamping.it\/de\/"},{"@type":"ListItem","position":2,"name":"Mobilheime"}]},{"@type":"WebSite","@id":"https:\/\/scarabeocamping.it\/de\/#website","url":"https:\/\/scarabeocamping.it\/de\/","name":"Scarabeo Camping","description":"","publisher":{"@id":"https:\/\/scarabeocamping.it\/de\/#organization"},"potentialAction":[{"@type":"SearchAction","target":{"@type":"EntryPoint","urlTemplate":"https:\/\/scarabeocamping.it\/de\/?s={search_term_string}"},"query-input":"required name=search_term_string"}],"inLanguage":"de"},{"@type":"Organization","@id":"https:\/\/scarabeocamping.it\/de\/#organization","name":"Scarabeo Camping","url":"https:\/\/scarabeocamping.it\/de\/","logo":{"@type":"ImageObject","inLanguage":"de","@id":"https:\/\/scarabeocamping.it\/de\/#\/schema\/logo\/image\/","url":"https:\/\/scarabeocamping.it\/wp-content\/uploads\/2022\/09\/01-CAMPING-SCARABEO_LOGO.png","contentUrl":"https:\/\/scarabeocamping.it\/wp-content\/uploads\/2022\/09\/01-CAMPING-SCARABEO_LOGO.png","width":400,"height":135,"caption":"Scarabeo Camping"},"image":{"@id":"https:\/\/scarabeocamping.it\/de\/#\/schema\/logo\/image\/"},"sameAs":["https:\/\/www.facebook.com\/CampingScarabeo","https:\/\/twitter.com\/Scarabeocampin1","https:\/\/www.instagram.com\/campingscarabeo\/"]}]}},"_links":{"self":[{"href":"https:\/\/scarabeocamping.it\/de\/wp-json\/wp\/v2\/pages\/2085"}],"collection":[{"href":"https:\/\/scarabeocamping.it\/de\/wp-json\/wp\/v2\/pages"}],"about":[{"href":"https:\/\/scarabeocamping.it\/de\/wp-json\/wp\/v2\/types\/page"}],"author":[{"embeddable":true,"href":"https:\/\/scarabeocamping.it\/de\/wp-json\/wp\/v2\/users\/1"}],"replies":[{"embeddable":true,"href":"https:\/\/scarabeocamping.it\/de\/wp-json\/wp\/v2\/comments?post=2085"}],"version-history":[{"count":2,"href":"https:\/\/scarabeocamping.it\/de\/wp-json\/wp\/v2\/pages\/2085\/revisions"}],"predecessor-version":[{"id":2087,"href":"https:\/\/scarabeocamping.it\/de\/wp-json\/wp\/v2\/pages\/2085\/revisions\/2087"}],"wp:attachment":[{"href":"https:\/\/scarabeocamping.it\/de\/wp-json\/wp\/v2\/media?parent=2085"}],"curies":[{"name":"wp","href":"https:\/\/api.w.org\/{rel}","templated":true}]}}