{"id":2082,"date":"2022-06-27T10:10:20","date_gmt":"2022-06-27T10:10:20","guid":{"rendered":"http:\/\/scarabeocamping.it\/camping\/"},"modified":"2023-10-04T08:02:32","modified_gmt":"2023-10-04T08:02:32","slug":"camping","status":"publish","type":"page","link":"https:\/\/scarabeocamping.it\/de\/camping\/","title":{"rendered":"Camping"},"content":{"rendered":"<section class=\"l-section wpb_row height_small with_img\"><div class=\"l-section-img\" role=\"img\" data-img-width=\"1600\" data-img-height=\"803\" style=\"background-image: url(https:\/\/scarabeocamping.it\/wp-content\/uploads\/2022\/06\/scarabeo-camping-village-sicilia-punta-braccetto-01.jpg);background-repeat: no-repeat;\"><\/div><div class=\"l-section-h i-cf\"><div class=\"g-cols vc_row via_flex valign_top type_default stacking_default\"><div class=\"vc_col-sm-12 wpb_column vc_column_container\"><div class=\"vc_column-inner\"><div class=\"wpb_wrapper\"><div class=\"ult-spacer spacer-69d2ba7ce9990\" data-id=\"69d2ba7ce9990\" data-height=\"350\" data-height-mobile=\"350\" data-height-tab=\"350\" data-height-tab-portrait=\"\" data-height-mobile-landscape=\"\" style=\"clear:both;display:block;\"><\/div><\/div><\/div><\/div><\/div><\/div><\/section><section class=\"l-section wpb_row height_small\"><div class=\"l-section-h i-cf\"><div class=\"g-cols vc_row via_flex valign_top type_default stacking_default\"><div class=\"vc_col-sm-12 wpb_column vc_column_container\"><div class=\"vc_column-inner\"><div class=\"wpb_wrapper\"><div class=\"wpb_text_column us_custom_8b3d6790 has_text_color\"><div class=\"wpb_wrapper\"><h1 style=\"text-align: center;\">CAMPING<\/h1>\n<\/div><\/div><div class=\"w-separator us_custom_8b3d6790 has_text_color size_small with_line width_50 thick_2 style_solid color_text align_center with_content\"><div class=\"w-separator-h\"><i class=\"fas fa-seedling\"><\/i><\/div><\/div><div class=\"wpb_text_column us_custom_0f088a09 has_text_color\"><div class=\"wpb_wrapper\"><h6 style=\"text-align: center;\">W\u00e4hlen Sie Ihre perfekte Unterkunft, umgeben von viel Gr\u00fcn und Entspannung<\/h6>\n<\/div><\/div><\/div><\/div><\/div><\/div><\/div><\/section><section class=\"l-section wpb_row height_small\"><div class=\"l-section-h i-cf\"><div class=\"g-cols vc_row via_flex valign_top type_default stacking_default\"><div class=\"vc_col-sm-12 wpb_column vc_column_container\"><div class=\"vc_column-inner\"><div class=\"wpb_wrapper\"><div class=\"g-cols wpb_row via_flex valign_top type_default stacking_default\"><div class=\"vc_col-sm-4 wpb_column vc_column_container\"><div class=\"vc_column-inner\"><div class=\"wpb_wrapper\"><div class=\"w-image align_none\"><div url class=\"w-image-h\"><img width=\"1024\" height=\"680\" src=\"https:\/\/scarabeocamping.it\/wp-content\/uploads\/2022\/06\/scarabeo-camping-piazzola-incorniciata-dal-verde-1024x680.jpg\" class=\"attachment-large size-large\" alt=\"\" decoding=\"async\" loading=\"lazy\" srcset=\"https:\/\/scarabeocamping.it\/wp-content\/uploads\/2022\/06\/scarabeo-camping-piazzola-incorniciata-dal-verde-1024x680.jpg 1024w, https:\/\/scarabeocamping.it\/wp-content\/uploads\/2022\/06\/scarabeo-camping-piazzola-incorniciata-dal-verde-300x199.jpg 300w, https:\/\/scarabeocamping.it\/wp-content\/uploads\/2022\/06\/scarabeo-camping-piazzola-incorniciata-dal-verde.jpg 1200w\" sizes=\"(max-width: 1024px) 100vw, 1024px\" \/><\/div><\/div><div class=\"ult-spacer spacer-69d2ba7ceb184\" data-id=\"69d2ba7ceb184\" data-height=\"20\" data-height-mobile=\"20\" data-height-tab=\"20\" data-height-tab-portrait=\"\" data-height-mobile-landscape=\"\" style=\"clear:both;display:block;\"><\/div><div class=\"wpb_text_column us_custom_8b3d6790 has_text_color\"><div class=\"wpb_wrapper\"><h6 style=\"text-align: center;\"><strong>BEREICH A<\/strong><\/h6>\n<\/div><\/div><div class=\"wpb_text_column\"><div class=\"wpb_wrapper\"><p style=\"text-align: center;\">Gro\u00dfe Stellpl\u00e4tze, innerhalb des Campingplatzes gelegen<\/p>\n<\/div><\/div><\/div><\/div><\/div><div class=\"vc_col-sm-4 wpb_column vc_column_container\"><div class=\"vc_column-inner\"><div class=\"wpb_wrapper\"><div class=\"w-image align_none\"><div url class=\"w-image-h\"><img width=\"1024\" height=\"680\" src=\"https:\/\/scarabeocamping.it\/wp-content\/uploads\/2022\/06\/camping-scarabeo-piazzole-suggestiveJPG-1024x680.jpg\" class=\"attachment-large size-large\" alt=\"\" decoding=\"async\" loading=\"lazy\" srcset=\"https:\/\/scarabeocamping.it\/wp-content\/uploads\/2022\/06\/camping-scarabeo-piazzole-suggestiveJPG-1024x680.jpg 1024w, https:\/\/scarabeocamping.it\/wp-content\/uploads\/2022\/06\/camping-scarabeo-piazzole-suggestiveJPG-300x199.jpg 300w, https:\/\/scarabeocamping.it\/wp-content\/uploads\/2022\/06\/camping-scarabeo-piazzole-suggestiveJPG.jpg 1200w\" sizes=\"(max-width: 1024px) 100vw, 1024px\" \/><\/div><\/div><div class=\"ult-spacer spacer-69d2ba7cebacf\" data-id=\"69d2ba7cebacf\" data-height=\"20\" data-height-mobile=\"20\" data-height-tab=\"20\" data-height-tab-portrait=\"\" data-height-mobile-landscape=\"\" style=\"clear:both;display:block;\"><\/div><div class=\"wpb_text_column us_custom_8b3d6790 has_text_color\"><div class=\"wpb_wrapper\"><h6 style=\"text-align: center;\"><strong>BEREICH B<\/strong><\/h6>\n<\/div><\/div><div class=\"wpb_text_column\"><div class=\"wpb_wrapper\"><p style=\"text-align: center;\">Gro\u00dfe Stellpl\u00e4tze, in der zweiten Reihe vom Meer entfernt gelegen<\/p>\n<\/div><\/div><\/div><\/div><\/div><div class=\"vc_col-sm-4 wpb_column vc_column_container\"><div class=\"vc_column-inner\"><div class=\"wpb_wrapper\"><div class=\"w-image align_none\"><div url class=\"w-image-h\"><img width=\"1024\" height=\"680\" src=\"https:\/\/scarabeocamping.it\/wp-content\/uploads\/2022\/06\/camping-scarabeo-piazzole-sul-mare-1024x680.jpg\" class=\"attachment-large size-large\" alt=\"\" decoding=\"async\" loading=\"lazy\" srcset=\"https:\/\/scarabeocamping.it\/wp-content\/uploads\/2022\/06\/camping-scarabeo-piazzole-sul-mare-1024x680.jpg 1024w, https:\/\/scarabeocamping.it\/wp-content\/uploads\/2022\/06\/camping-scarabeo-piazzole-sul-mare-300x199.jpg 300w, https:\/\/scarabeocamping.it\/wp-content\/uploads\/2022\/06\/camping-scarabeo-piazzole-sul-mare.jpg 1200w\" sizes=\"(max-width: 1024px) 100vw, 1024px\" \/><\/div><\/div><div class=\"ult-spacer spacer-69d2ba7cec387\" data-id=\"69d2ba7cec387\" data-height=\"20\" data-height-mobile=\"20\" data-height-tab=\"20\" data-height-tab-portrait=\"\" data-height-mobile-landscape=\"\" style=\"clear:both;display:block;\"><\/div><div class=\"wpb_text_column us_custom_8b3d6790 has_text_color\"><div class=\"wpb_wrapper\"><h6 style=\"text-align: center;\"><strong>BEREICH C<\/strong><\/h6>\n<\/div><\/div><div class=\"wpb_text_column\"><div class=\"wpb_wrapper\"><p style=\"text-align: center;\">Gro\u00dfe Stellpl\u00e4tze, mit Terrasse und Blick auf das Meer<\/p>\n<\/div><\/div><\/div><\/div><\/div><\/div><div class=\"w-separator us_custom_b32a63db has_text_color size_small with_line width_default thick_2 style_solid color_border align_center\"><div class=\"w-separator-h\"><\/div><\/div><div class=\"w-btn-wrapper align_center\"><a class=\"w-btn us-btn-style_5 us_custom_492179a4\" href=\"\/de\/kontakt\/#contatti\"><span class=\"w-btn-label\">Informationen anfordern<\/span><\/a><\/div><div class=\"ult-spacer spacer-69d2ba7cec9a9\" data-id=\"69d2ba7cec9a9\" data-height=\"40\" data-height-mobile=\"40\" data-height-tab=\"40\" data-height-tab-portrait=\"\" data-height-mobile-landscape=\"\" style=\"clear:both;display:block;\"><\/div><\/div><\/div><\/div><\/div><\/div><\/section>\n","protected":false},"excerpt":{"rendered":"CAMPING W\u00e4hlen Sie Ihre perfekte Unterkunft, umgeben von viel Gr\u00fcn und Entspannung BEREICH A Gro\u00dfe Stellpl\u00e4tze, innerhalb des Campingplatzes gelegen BEREICH B Gro\u00dfe Stellpl\u00e4tze, in der zweiten Reihe vom Meer entfernt gelegen BEREICH C Gro\u00dfe Stellpl\u00e4tze, mit Terrasse und Blick auf das Meer Informationen anfordern","protected":false},"author":1,"featured_media":0,"parent":0,"menu_order":0,"comment_status":"closed","ping_status":"closed","template":"","meta":[],"yoast_head":"<!-- This site is optimized with the Yoast SEO plugin v20.11 - https:\/\/yoast.com\/wordpress\/plugins\/seo\/ -->\n<title>Camping in Sizilien - Scarabeo Camping<\/title>\n<meta name=\"description\" content=\"Camping in Sizilien f\u00fcr einen erholsamen Urlaub: W\u00e4hlen Sie die Unterkunft, die Ihnen am besten gef\u00e4llt, Stellpl\u00e4tze am Meer oder in der Natur\" \/>\n<meta name=\"robots\" content=\"index, follow, max-snippet:-1, max-image-preview:large, max-video-preview:-1\" \/>\n<link rel=\"canonical\" href=\"https:\/\/scarabeocamping.it\/de\/camping\/\" \/>\n<meta property=\"og:locale\" content=\"de_DE\" \/>\n<meta property=\"og:type\" content=\"article\" \/>\n<meta property=\"og:title\" content=\"Camping in Sizilien - Scarabeo Camping\" \/>\n<meta property=\"og:description\" content=\"Camping in Sizilien f\u00fcr einen erholsamen Urlaub: W\u00e4hlen Sie die Unterkunft, die Ihnen am besten gef\u00e4llt, Stellpl\u00e4tze am Meer oder in der Natur\" \/>\n<meta property=\"og:url\" content=\"https:\/\/scarabeocamping.it\/de\/camping\/\" \/>\n<meta property=\"og:site_name\" content=\"Scarabeo Camping\" \/>\n<meta property=\"article:publisher\" content=\"https:\/\/www.facebook.com\/CampingScarabeo\" \/>\n<meta property=\"article:modified_time\" content=\"2023-10-04T08:02:32+00:00\" \/>\n<meta name=\"twitter:card\" content=\"summary_large_image\" \/>\n<meta name=\"twitter:site\" content=\"@Scarabeocampin1\" \/>\n<meta name=\"twitter:label1\" content=\"Gesch\u00e4tzte Lesezeit\" \/>\n\t<meta name=\"twitter:data1\" content=\"1\u00a0Minute\" \/>\n<script type=\"application\/ld+json\" class=\"yoast-schema-graph\">{\"@context\":\"https:\/\/schema.org\",\"@graph\":[{\"@type\":\"WebPage\",\"@id\":\"https:\/\/scarabeocamping.it\/de\/camping\/\",\"url\":\"https:\/\/scarabeocamping.it\/de\/camping\/\",\"name\":\"Camping in Sizilien - Scarabeo Camping\",\"isPartOf\":{\"@id\":\"https:\/\/scarabeocamping.it\/de\/#website\"},\"datePublished\":\"2022-06-27T10:10:20+00:00\",\"dateModified\":\"2023-10-04T08:02:32+00:00\",\"description\":\"Camping in Sizilien f\u00fcr einen erholsamen Urlaub: W\u00e4hlen Sie die Unterkunft, die Ihnen am besten gef\u00e4llt, Stellpl\u00e4tze am Meer oder in der Natur\",\"breadcrumb\":{\"@id\":\"https:\/\/scarabeocamping.it\/de\/camping\/#breadcrumb\"},\"inLanguage\":\"de\",\"potentialAction\":[{\"@type\":\"ReadAction\",\"target\":[\"https:\/\/scarabeocamping.it\/de\/camping\/\"]}]},{\"@type\":\"BreadcrumbList\",\"@id\":\"https:\/\/scarabeocamping.it\/de\/camping\/#breadcrumb\",\"itemListElement\":[{\"@type\":\"ListItem\",\"position\":1,\"name\":\"Home\",\"item\":\"https:\/\/scarabeocamping.it\/de\/\"},{\"@type\":\"ListItem\",\"position\":2,\"name\":\"Camping\"}]},{\"@type\":\"WebSite\",\"@id\":\"https:\/\/scarabeocamping.it\/de\/#website\",\"url\":\"https:\/\/scarabeocamping.it\/de\/\",\"name\":\"Scarabeo Camping\",\"description\":\"\",\"publisher\":{\"@id\":\"https:\/\/scarabeocamping.it\/de\/#organization\"},\"potentialAction\":[{\"@type\":\"SearchAction\",\"target\":{\"@type\":\"EntryPoint\",\"urlTemplate\":\"https:\/\/scarabeocamping.it\/de\/?s={search_term_string}\"},\"query-input\":\"required name=search_term_string\"}],\"inLanguage\":\"de\"},{\"@type\":\"Organization\",\"@id\":\"https:\/\/scarabeocamping.it\/de\/#organization\",\"name\":\"Scarabeo Camping\",\"url\":\"https:\/\/scarabeocamping.it\/de\/\",\"logo\":{\"@type\":\"ImageObject\",\"inLanguage\":\"de\",\"@id\":\"https:\/\/scarabeocamping.it\/de\/#\/schema\/logo\/image\/\",\"url\":\"https:\/\/scarabeocamping.it\/wp-content\/uploads\/2022\/09\/01-CAMPING-SCARABEO_LOGO.png\",\"contentUrl\":\"https:\/\/scarabeocamping.it\/wp-content\/uploads\/2022\/09\/01-CAMPING-SCARABEO_LOGO.png\",\"width\":400,\"height\":135,\"caption\":\"Scarabeo Camping\"},\"image\":{\"@id\":\"https:\/\/scarabeocamping.it\/de\/#\/schema\/logo\/image\/\"},\"sameAs\":[\"https:\/\/www.facebook.com\/CampingScarabeo\",\"https:\/\/twitter.com\/Scarabeocampin1\",\"https:\/\/www.instagram.com\/campingscarabeo\/\"]}]}<\/script>\n<!-- \/ Yoast SEO plugin. -->","yoast_head_json":{"title":"Camping in Sizilien - Scarabeo Camping","description":"Camping in Sizilien f\u00fcr einen erholsamen Urlaub: W\u00e4hlen Sie die Unterkunft, die Ihnen am besten gef\u00e4llt, Stellpl\u00e4tze am Meer oder in der Natur","robots":{"index":"index","follow":"follow","max-snippet":"max-snippet:-1","max-image-preview":"max-image-preview:large","max-video-preview":"max-video-preview:-1"},"canonical":"https:\/\/scarabeocamping.it\/de\/camping\/","og_locale":"de_DE","og_type":"article","og_title":"Camping in Sizilien - Scarabeo Camping","og_description":"Camping in Sizilien f\u00fcr einen erholsamen Urlaub: W\u00e4hlen Sie die Unterkunft, die Ihnen am besten gef\u00e4llt, Stellpl\u00e4tze am Meer oder in der Natur","og_url":"https:\/\/scarabeocamping.it\/de\/camping\/","og_site_name":"Scarabeo Camping","article_publisher":"https:\/\/www.facebook.com\/CampingScarabeo","article_modified_time":"2023-10-04T08:02:32+00:00","twitter_card":"summary_large_image","twitter_site":"@Scarabeocampin1","twitter_misc":{"Gesch\u00e4tzte Lesezeit":"1\u00a0Minute"},"schema":{"@context":"https:\/\/schema.org","@graph":[{"@type":"WebPage","@id":"https:\/\/scarabeocamping.it\/de\/camping\/","url":"https:\/\/scarabeocamping.it\/de\/camping\/","name":"Camping in Sizilien - Scarabeo Camping","isPartOf":{"@id":"https:\/\/scarabeocamping.it\/de\/#website"},"datePublished":"2022-06-27T10:10:20+00:00","dateModified":"2023-10-04T08:02:32+00:00","description":"Camping in Sizilien f\u00fcr einen erholsamen Urlaub: W\u00e4hlen Sie die Unterkunft, die Ihnen am besten gef\u00e4llt, Stellpl\u00e4tze am Meer oder in der Natur","breadcrumb":{"@id":"https:\/\/scarabeocamping.it\/de\/camping\/#breadcrumb"},"inLanguage":"de","potentialAction":[{"@type":"ReadAction","target":["https:\/\/scarabeocamping.it\/de\/camping\/"]}]},{"@type":"BreadcrumbList","@id":"https:\/\/scarabeocamping.it\/de\/camping\/#breadcrumb","itemListElement":[{"@type":"ListItem","position":1,"name":"Home","item":"https:\/\/scarabeocamping.it\/de\/"},{"@type":"ListItem","position":2,"name":"Camping"}]},{"@type":"WebSite","@id":"https:\/\/scarabeocamping.it\/de\/#website","url":"https:\/\/scarabeocamping.it\/de\/","name":"Scarabeo Camping","description":"","publisher":{"@id":"https:\/\/scarabeocamping.it\/de\/#organization"},"potentialAction":[{"@type":"SearchAction","target":{"@type":"EntryPoint","urlTemplate":"https:\/\/scarabeocamping.it\/de\/?s={search_term_string}"},"query-input":"required name=search_term_string"}],"inLanguage":"de"},{"@type":"Organization","@id":"https:\/\/scarabeocamping.it\/de\/#organization","name":"Scarabeo Camping","url":"https:\/\/scarabeocamping.it\/de\/","logo":{"@type":"ImageObject","inLanguage":"de","@id":"https:\/\/scarabeocamping.it\/de\/#\/schema\/logo\/image\/","url":"https:\/\/scarabeocamping.it\/wp-content\/uploads\/2022\/09\/01-CAMPING-SCARABEO_LOGO.png","contentUrl":"https:\/\/scarabeocamping.it\/wp-content\/uploads\/2022\/09\/01-CAMPING-SCARABEO_LOGO.png","width":400,"height":135,"caption":"Scarabeo Camping"},"image":{"@id":"https:\/\/scarabeocamping.it\/de\/#\/schema\/logo\/image\/"},"sameAs":["https:\/\/www.facebook.com\/CampingScarabeo","https:\/\/twitter.com\/Scarabeocampin1","https:\/\/www.instagram.com\/campingscarabeo\/"]}]}},"_links":{"self":[{"href":"https:\/\/scarabeocamping.it\/de\/wp-json\/wp\/v2\/pages\/2082"}],"collection":[{"href":"https:\/\/scarabeocamping.it\/de\/wp-json\/wp\/v2\/pages"}],"about":[{"href":"https:\/\/scarabeocamping.it\/de\/wp-json\/wp\/v2\/types\/page"}],"author":[{"embeddable":true,"href":"https:\/\/scarabeocamping.it\/de\/wp-json\/wp\/v2\/users\/1"}],"replies":[{"embeddable":true,"href":"https:\/\/scarabeocamping.it\/de\/wp-json\/wp\/v2\/comments?post=2082"}],"version-history":[{"count":3,"href":"https:\/\/scarabeocamping.it\/de\/wp-json\/wp\/v2\/pages\/2082\/revisions"}],"predecessor-version":[{"id":2237,"href":"https:\/\/scarabeocamping.it\/de\/wp-json\/wp\/v2\/pages\/2082\/revisions\/2237"}],"wp:attachment":[{"href":"https:\/\/scarabeocamping.it\/de\/wp-json\/wp\/v2\/media?parent=2082"}],"curies":[{"name":"wp","href":"https:\/\/api.w.org\/{rel}","templated":true}]}}